{"id":8137,"date":"2026-04-09T14:43:49","date_gmt":"2026-04-09T12:43:49","guid":{"rendered":"https:\/\/storageandfly.com\/allgemeine-geschaeftsbedingungen\/"},"modified":"2026-04-19T16:40:40","modified_gmt":"2026-04-19T14:40:40","slug":"allgemeine-geschaeftsbedingungen","status":"publish","type":"page","link":"https:\/\/storageandfly.com\/de\/allgemeine-geschaeftsbedingungen\/","title":{"rendered":"Allgemeine Gesch\u00e4ftsbedingungen"},"content":{"rendered":"<p>[et_pb_section fb_built=&#8220;1&#8243; admin_label=&#8220;section&#8220; _builder_version=&#8220;4.16&#8243; global_colors_info=&#8220;{}&#8220;][et_pb_row admin_label=&#8220;row&#8220; _builder_version=&#8220;4.16&#8243; background_size=&#8220;initial&#8220; background_position=&#8220;top_left&#8220; background_repeat=&#8220;repeat&#8220; global_colors_info=&#8220;{}&#8220;][et_pb_column type=&#8220;4_4&#8243; _builder_version=&#8220;4.16&#8243; custom_padding=&#8220;|||&#8220; global_colors_info=&#8220;{}&#8220; custom_padding__hover=&#8220;|||&#8220;][et_pb_heading title=&#8220;ALLGEMEINE GESCH\u00c4FTSBEDINGUNGEN&#8220; _builder_version=&#8220;4.27.5&#8243; _module_preset=&#8220;default&#8220; global_colors_info=&#8220;{}&#8220;][\/et_pb_heading][et_pb_heading title=&#8220;IDENTIFIKATION DES INHABERS&#8220; _builder_version=&#8220;4.27.5&#8243; _module_preset=&#8220;default&#8220; title_level=&#8220;h2&#8243; global_colors_info=&#8220;{}&#8220;][\/et_pb_heading][et_pb_text _builder_version=&#8220;4.27.5&#8243; _module_preset=&#8220;default&#8220; global_colors_info=&#8220;{}&#8220;]<strong>Inhaber: <\/strong>Storage &amp; Fly S.L.<\/p>\n<p><strong>CIF: <\/strong>B16846636<\/p>\n<p><strong>Gesch\u00e4ftssitz: <\/strong>Calle Anfos Nr. 2, Urbanizaci\u00f3n Es Tolleric, 07609 Llucmajor (Illes Balears, Spanien)<\/p>\n<p><strong>Registerdaten: <\/strong>Eingetragen im Handelsregister der Illes Balears, Band 2917, Blatt 62, Sektion 8, Blatt PM 92044, Eintragung 1 (4. Oktober 2021).<\/p>\n<p><strong>Telefon: <\/strong>(+34) 871 043 361<\/p>\n<p><strong>E-Mail: <\/strong><a href=\"mailto:info@storageandfly.com\">info@storageandfly.com<\/a>[\/et_pb_text][et_pb_divider color=&#8220;#B3B3B3&#8243; _builder_version=&#8220;4.27.5&#8243; _module_preset=&#8220;default&#8220; global_colors_info=&#8220;{}&#8220;][\/et_pb_divider][et_pb_heading title=&#8220;GEGENSTAND&#8220; _builder_version=&#8220;4.27.5&#8243; _module_preset=&#8220;default&#8220; title_level=&#8220;h2&#8243; global_colors_info=&#8220;{}&#8220;][\/et_pb_heading][et_pb_text ul_position=&#8220;inside&#8220; _builder_version=&#8220;4.27.5&#8243; _module_preset=&#8220;default&#8220; global_colors_info=&#8220;{}&#8220;]<\/p>\n<p>Diese Allgemeinen Gesch\u00e4ftsbedingungen regeln den Zugang, die Beauftragung und die Nutzung der von Storage &amp; Fly S.L. angebotenen Dienstleistung, bestehend aus:<\/p>\n<ul>\n<li>Dienstleistung zur <strong>Abholung, Lagerung und Lieferung von Fahrzeugen am Flughafen<\/strong><\/li>\n<li><strong>Abonnementsystem<\/strong>, das die Verwaltung von Reservierungen im Zusammenhang mit der Dienstleistung erm\u00f6glicht<strong><\/strong><\/li>\n<\/ul>\n<p>Die Beauftragung impliziert die vollst\u00e4ndige Annahme dieser Bedingungen.<\/p>\n<p>[\/et_pb_text][et_pb_divider color=&#8220;#B3B3B3&#8243; _builder_version=&#8220;4.27.5&#8243; _module_preset=&#8220;default&#8220; global_colors_info=&#8220;{}&#8220;][\/et_pb_divider][et_pb_heading title=&#8220;NUTZER&#8220; _builder_version=&#8220;4.27.5&#8243; _module_preset=&#8220;default&#8220; title_level=&#8220;h2&#8243; global_colors_info=&#8220;{}&#8220;][\/et_pb_heading][et_pb_text ul_position=&#8220;inside&#8220; _builder_version=&#8220;4.27.5&#8243; _module_preset=&#8220;default&#8220; global_colors_info=&#8220;{}&#8220;]Der Nutzer erkl\u00e4rt:<\/p>\n<ul>\n<li><strong>18 Jahre<\/strong> oder <strong>\u00e4lter<\/strong> zu sein<\/li>\n<li>\u00dcber die <strong>rechtliche Gesch\u00e4ftsf\u00e4higkeit<\/strong> zu verf\u00fcgen<\/li>\n<li><strong>Wahrheitsgem\u00e4\u00dfe und aktuelle Daten<\/strong> anzugeben<\/li>\n<\/ul>\n<p>Der Nutzer ist f\u00fcr die ordnungsgem\u00e4\u00dfe Nutzung der Dienstleistung verantwortlich.[\/et_pb_text][et_pb_divider color=&#8220;#B3B3B3&#8243; _builder_version=&#8220;4.27.5&#8243; _module_preset=&#8220;default&#8220; global_colors_info=&#8220;{}&#8220;][\/et_pb_divider][et_pb_heading title=&#8220;FUNKTIONSWEISE DER DIENSTLEISTUNG&#8220; _builder_version=&#8220;4.27.5&#8243; _module_preset=&#8220;default&#8220; title_level=&#8220;h2&#8243; global_colors_info=&#8220;{}&#8220;][\/et_pb_heading][et_pb_text ul_position=&#8220;inside&#8220; _builder_version=&#8220;4.27.5&#8243; _module_preset=&#8220;default&#8220; global_colors_info=&#8220;{}&#8220;]<\/p>\n<p>Die Dienstleistung basiert auf einem <strong>aktiven Abonnementmodell<\/strong>, das Folgendes erm\u00f6glicht:<\/p>\n<ul>\n<li>Zugang zum Reservierungssystem<\/li>\n<li>Nutzung der Dienstleistung zur Abholung, Lagerung und Lieferung von Fahrzeugen am Flughafen<\/li>\n<\/ul>\n<p>Jede Reservierung entspricht einem einzelnen Fahrzeug.<\/p>\n<p>[\/et_pb_text][et_pb_divider color=&#8220;#B3B3B3&#8243; _builder_version=&#8220;4.27.5&#8243; _module_preset=&#8220;default&#8220; global_colors_info=&#8220;{}&#8220;][\/et_pb_divider][et_pb_heading title=&#8220;RESERVIERUNGSVORGANG&#8220; _builder_version=&#8220;4.27.5&#8243; _module_preset=&#8220;default&#8220; title_level=&#8220;h2&#8243; global_colors_info=&#8220;{}&#8220;][\/et_pb_heading][et_pb_text ul_position=&#8220;inside&#8220; _builder_version=&#8220;4.27.5&#8243; _module_preset=&#8220;default&#8220; global_colors_info=&#8220;{}&#8220;]<\/p>\n<ul>\n<li>Die Reservierung erfolgt \u00fcber das Formular auf der Website<\/li>\n<li>Das Ausf\u00fcllen aller erforderlichen Daten ist obligatorisch<\/li>\n<li>Das System generiert eine Buchungsnummer<\/li>\n<li>Die Reservierung muss mindestens <strong>48 Stunden im Voraus<\/strong> erfolgen<\/li>\n<\/ul>\n<p>Die Best\u00e4tigung impliziert die Annahme der Dienstleistung.[\/et_pb_text][et_pb_divider color=&#8220;#B3B3B3&#8243; _builder_version=&#8220;4.27.5&#8243; _module_preset=&#8220;default&#8220; global_colors_info=&#8220;{}&#8220;][\/et_pb_divider][et_pb_heading title=&#8220;ERBRINGUNG DER DIENSTLEISTUNG&#8220; _builder_version=&#8220;4.27.5&#8243; _module_preset=&#8220;default&#8220; title_level=&#8220;h2&#8243; global_colors_info=&#8220;{}&#8220;][\/et_pb_heading][et_pb_text _builder_version=&#8220;4.27.5&#8243; _module_preset=&#8220;default&#8220; global_colors_info=&#8220;{}&#8220;]<\/p>\n<p>Die Dienstleistung besteht aus der Abholung, dem Transport, der Lagerung und der anschlie\u00dfenden Lieferung des Fahrzeugs des Nutzers.<\/p>\n<p>[\/et_pb_text][et_pb_heading title=&#8220;\u00dcbergabe des Fahrzeugs \u2013 Beginn der Dienstleistung&#8220; _builder_version=&#8220;4.27.5&#8243; _module_preset=&#8220;default&#8220; title_level=&#8220;h3&#8243; global_colors_info=&#8220;{}&#8220;][\/et_pb_heading][et_pb_text ul_position=&#8220;inside&#8220; _builder_version=&#8220;4.27.5&#8243; _module_preset=&#8220;default&#8220; global_colors_info=&#8220;{}&#8220;]<\/p>\n<ul>\n<li>Der Nutzer muss mit seinem Fahrzeug zum vereinbarten Punkt am Flughafen fahren<\/li>\n<li>Er muss sich ausweisen und seine Reservierung dem Personal von Storage &amp; Fly vorzeigen<\/li>\n<li>Nach ordnungsgem\u00e4\u00dfer Identifikation \u00fcbergibt er das Fahrzeug und die Schl\u00fcssel an das Personal<\/li>\n<li>Zus\u00e4tzlich kann das Personal den Zustand des Fahrzeugs zu diesem Zeitpunkt mittels Fotografien dokumentieren<\/li>\n<\/ul>\n<p>[\/et_pb_text][et_pb_heading title=&#8220;Abholung des Fahrzeugs \u2013 Abschluss der Dienstleistung&#8220; _builder_version=&#8220;4.27.5&#8243; _module_preset=&#8220;default&#8220; title_level=&#8220;h3&#8243; global_colors_info=&#8220;{}&#8220;][\/et_pb_heading][et_pb_text ul_position=&#8220;inside&#8220; _builder_version=&#8220;4.27.5&#8243; _module_preset=&#8220;default&#8220; global_colors_info=&#8220;{}&#8220;]<\/p>\n<ul>\n<li>Der Nutzer muss die Lieferung seines Fahrzeugs mindestens <strong>48 Stunden im Voraus<\/strong> beantragen<\/li>\n<li>Das in dieser Anfrage angegebene Fahrzeug wird am Flughafen am vereinbarten Punkt \u00fcbergeben<\/li>\n<li>F\u00fcr die \u00dcbergabe muss sich der Nutzer ausweisen<\/li>\n<\/ul>\n<p>[\/et_pb_text][et_pb_heading title=&#8220;Zus\u00e4tzliche Bedingungen&#8220; _builder_version=&#8220;4.27.5&#8243; _module_preset=&#8220;default&#8220; title_level=&#8220;h3&#8243; global_colors_info=&#8220;{}&#8220;][\/et_pb_heading][et_pb_text ul_position=&#8220;inside&#8220; _builder_version=&#8220;4.27.5&#8243; _module_preset=&#8220;default&#8220; global_colors_info=&#8220;{}&#8220;]<\/p>\n<ul>\n<li>Dienstleistungen au\u00dferhalb der Gesch\u00e4ftszeiten k\u00f6nnen zus\u00e4tzliche Kosten verursachen<\/li>\n<li>Der Nutzer ist daf\u00fcr verantwortlich, \u00c4nderungen seines Fluges oder seiner Planung mitzuteilen<\/li>\n<\/ul>\n<p>[\/et_pb_text][et_pb_divider color=&#8220;#B3B3B3&#8243; _builder_version=&#8220;4.27.5&#8243; _module_preset=&#8220;default&#8220; global_colors_info=&#8220;{}&#8220;][\/et_pb_divider][et_pb_heading title=&#8220;AUTORISIERTE FAHRER&#8220; _builder_version=&#8220;4.27.5&#8243; _module_preset=&#8220;default&#8220; title_level=&#8220;h2&#8243; global_colors_info=&#8220;{}&#8220;][\/et_pb_heading][et_pb_text ul_position=&#8220;inside&#8220; _builder_version=&#8220;4.27.5&#8243; _module_preset=&#8220;default&#8220; global_colors_info=&#8220;{}&#8220;]<\/p>\n<ul>\n<li>Nur der Nutzer selbst und als autorisiert registrierte Personen f\u00fcr dieses Fahrzeug d\u00fcrfen das Fahrzeug abholen<\/li>\n<li>Um autorisierte Fahrer hinzuzuf\u00fcgen, muss dies <strong>48 Stunden im Voraus<\/strong> erfolgen<\/li>\n<li>Den Autorisierungsprozess kann nur der Nutzer einleiten<\/li>\n<li>Es wird verlangt, den vollst\u00e4ndigen Namen und die Identifikation der autorisierten Person anzugeben<\/li>\n<\/ul>\n<p>Kein Fahrzeug wird ohne Identit\u00e4tspr\u00fcfung \u00fcbergeben[\/et_pb_text][et_pb_divider color=&#8220;#B3B3B3&#8243; _builder_version=&#8220;4.27.5&#8243; _module_preset=&#8220;default&#8220; global_colors_info=&#8220;{}&#8220;][\/et_pb_divider][et_pb_heading title=&#8220;PREISE UND ZAHLUNGEN&#8220; _builder_version=&#8220;4.27.5&#8243; _module_preset=&#8220;default&#8220; title_level=&#8220;h2&#8243; global_colors_info=&#8220;{}&#8220;][\/et_pb_heading][et_pb_text ul_position=&#8220;inside&#8220; _builder_version=&#8220;4.27.5&#8243; _module_preset=&#8220;default&#8220; global_colors_info=&#8220;{}&#8220;]<\/p>\n<ul>\n<li>Die Preise werden in Euro (\u20ac) angegeben und enthalten die geltenden Steuern<\/li>\n<li>Die Zahlung des Abonnements ist <strong>obligatorisch<\/strong>, um die Beauftragung zu best\u00e4tigen<\/li>\n<li>Die Abholung des Fahrzeugs ist nicht gestattet, wenn ausstehende Zahlungen bestehen<\/li>\n<\/ul>\n<p>[\/et_pb_text][et_pb_divider color=&#8220;#B3B3B3&#8243; admin_label=&#8220;Separador&#8220; _builder_version=&#8220;4.27.5&#8243; _module_preset=&#8220;default&#8220; global_colors_info=&#8220;{}&#8220;][\/et_pb_divider][et_pb_heading title=&#8220;LAUFZEIT, VERL\u00c4NGERUNG UND K\u00dcNDIGUNG&#8220; _builder_version=&#8220;4.27.5&#8243; _module_preset=&#8220;default&#8220; title_level=&#8220;h2&#8243; global_colors_info=&#8220;{}&#8220;][\/et_pb_heading][et_pb_heading title=&#8220;Art der Dienstleistung&#8220; _builder_version=&#8220;4.27.5&#8243; _module_preset=&#8220;default&#8220; title_level=&#8220;h3&#8243; global_colors_info=&#8220;{}&#8220;][\/et_pb_heading][et_pb_text ul_position=&#8220;inside&#8220; _builder_version=&#8220;4.27.5&#8243; _module_preset=&#8220;default&#8220; global_colors_info=&#8220;{}&#8220;]<\/p>\n<ul>\n<li>Die Dienstleistung funktioniert nach einem <strong>Abonnementmodell<\/strong>, das das Nutzungsrecht w\u00e4hrend des beauftragten Zeitraums gew\u00e4hrt<\/li>\n<li>Dieses Abonnement muss aktiv bleiben, um Fahrzeuge bei Storage &amp; Fly abholen oder abstellen zu k\u00f6nnen<\/li>\n<\/ul>\n<p>[\/et_pb_text][et_pb_heading title=&#8220;Beginn der Dienstleistung und Widerruf&#8220; _builder_version=&#8220;4.27.5&#8243; _module_preset=&#8220;default&#8220; title_level=&#8220;h3&#8243; global_colors_info=&#8220;{}&#8220;][\/et_pb_heading][et_pb_text ul_position=&#8220;inside&#8220; _builder_version=&#8220;4.27.5&#8243; _module_preset=&#8220;default&#8220; global_colors_info=&#8220;{}&#8220;]<\/p>\n<ul>\n<li>Mit Abschluss der Beauftragung beantragt der Nutzer ausdr\u00fccklich den sofortigen Beginn der Dienstleistung<\/li>\n<li>Folglich und gem\u00e4\u00df den geltenden Vorschriften <strong>verliert der Nutzer sein Widerrufsrecht, sobald die Dienstleistung begonnen hat<\/strong>.<\/li>\n<\/ul>\n<p>[\/et_pb_text][et_pb_heading title=&#8220;Laufzeit und Verl\u00e4ngerung&#8220; _builder_version=&#8220;4.27.5&#8243; _module_preset=&#8220;default&#8220; title_level=&#8220;h3&#8243; global_colors_info=&#8220;{}&#8220;][\/et_pb_heading][et_pb_text ul_position=&#8220;inside&#8220; _builder_version=&#8220;4.27.5&#8243; _module_preset=&#8220;default&#8220; global_colors_info=&#8220;{}&#8220;]<\/p>\n<ul>\n<li>Das Abonnement der Dienstleistung hat die zum Zeitpunkt des Erwerbs beauftragte Laufzeit<\/li>\n<li>Das Abonnement kann verl\u00e4ngert werden, um die Dienstleistung weiterhin zu nutzen<\/li>\n<li>Bei Nichtverl\u00e4ngerung geht der Zugang zur Durchf\u00fchrung neuer Reservierungen verloren<\/li>\n<\/ul>\n<p>[\/et_pb_text][et_pb_heading title=&#8220;Gelagerte Fahrzeuge&#8220; _builder_version=&#8220;4.27.5&#8243; _module_preset=&#8220;default&#8220; title_level=&#8220;h3&#8243; global_colors_info=&#8220;{}&#8220;][\/et_pb_heading][et_pb_text ul_position=&#8220;inside&#8220; _builder_version=&#8220;4.27.5&#8243; _module_preset=&#8220;default&#8220; global_colors_info=&#8220;{}&#8220;]Wenn der Nutzer ein geparktes Fahrzeug hat und sein Abonnement endet:<\/p>\n<ul>\n<li>Muss er das Abonnement <strong>zwingend verl\u00e4ngern<\/strong><\/li>\n<li>W\u00e4hrend der Inaktivit\u00e4tsperiode des Abonnements werden die geltenden Tarife angewendet.<\/li>\n<\/ul>\n<p>Das Fahrzeug kann nach der Verl\u00e4ngerung abgeholt werden.[\/et_pb_text][et_pb_heading title=&#8220;K\u00fcndigung&#8220; _builder_version=&#8220;4.27.5&#8243; _module_preset=&#8220;default&#8220; title_level=&#8220;h3&#8243; global_colors_info=&#8220;{}&#8220;][\/et_pb_heading][et_pb_text ul_position=&#8220;inside&#8220; _builder_version=&#8220;4.27.5&#8243; _module_preset=&#8220;default&#8220; global_colors_info=&#8220;{}&#8220;]<\/p>\n<ul>\n<li>Der Nutzer kann das Abonnement jederzeit k\u00fcndigen<\/li>\n<li>Die K\u00fcndigung <strong>beinhaltet keine<\/strong> R\u00fcckerstattung des bereits bezahlten Zeitraums<\/li>\n<li>Die Dienstleistung bleibt aktiv und kann bis zum Vertragsende weiterhin genutzt werden<\/li>\n<\/ul>\n<p>[\/et_pb_text][et_pb_heading title=&#8220;Nicht genutzte Reservierungen&#8220; _builder_version=&#8220;4.27.5&#8243; _module_preset=&#8220;default&#8220; title_level=&#8220;h3&#8243; global_colors_info=&#8220;{}&#8220;][\/et_pb_heading][et_pb_text _builder_version=&#8220;4.27.5&#8243; _module_preset=&#8220;default&#8220; global_colors_info=&#8220;{}&#8220;]<\/p>\n<p>Durchgef\u00fchrte und nicht genutzte Reservierungen sind <strong>nicht erstattungsf\u00e4hig<\/strong>, sofern keine gesetzliche Verpflichtung besteht.<\/p>\n<p>[\/et_pb_text][et_pb_divider color=&#8220;#B3B3B3&#8243; admin_label=&#8220;Separador&#8220; _builder_version=&#8220;4.27.5&#8243; _module_preset=&#8220;default&#8220; global_colors_info=&#8220;{}&#8220;][\/et_pb_divider][et_pb_heading title=&#8220;HAFTUNG&#8220; _builder_version=&#8220;4.27.5&#8243; _module_preset=&#8220;default&#8220; title_level=&#8220;h2&#8243; global_colors_info=&#8220;{}&#8220;][\/et_pb_heading][et_pb_text ul_position=&#8220;inside&#8220; _builder_version=&#8220;4.27.5&#8243; _module_preset=&#8220;default&#8220; global_colors_info=&#8220;{}&#8220;]<\/p>\n<ul>\n<li>Storage &amp; Fly \u00fcbernimmt keine Haftung f\u00fcr pers\u00f6nliche Gegenst\u00e4nde, die im Fahrzeuginneren zur\u00fcckgelassen werden<\/li>\n<li>Das Unternehmen \u00fcbernimmt keine Haftung f\u00fcr Versp\u00e4tungen aufgrund von Flug\u00e4nderungen, Flughafenvorf\u00e4llen oder Ursachen au\u00dferhalb des Unternehmens<\/li>\n<li>Der Nutzer ist f\u00fcr den Zustand des Fahrzeugs zum Zeitpunkt der \u00dcbergabe verantwortlich<\/li>\n<li>Ebenso garantiert das Unternehmen weder die kontinuierliche Verf\u00fcgbarkeit der Website noch die Abwesenheit technischer Fehler.<\/li>\n<\/ul>\n<p>[\/et_pb_text][et_pb_divider color=&#8220;#B3B3B3&#8243; admin_label=&#8220;Separador&#8220; _builder_version=&#8220;4.27.5&#8243; _module_preset=&#8220;default&#8220; global_colors_info=&#8220;{}&#8220;][\/et_pb_divider][et_pb_heading title=&#8220;VERF\u00dcGBARKEIT DER DIENSTLEISTUNG&#8220; _builder_version=&#8220;4.27.5&#8243; _module_preset=&#8220;default&#8220; title_level=&#8220;h2&#8243; global_colors_info=&#8220;{}&#8220;][\/et_pb_heading][et_pb_text _builder_version=&#8220;4.27.5&#8243; _module_preset=&#8220;default&#8220; global_colors_info=&#8220;{}&#8220;]<\/p>\n<p>Die Dienstleistung kann durch h\u00f6here Gewalt, technische St\u00f6rungen oder externe Umst\u00e4nde beeintr\u00e4chtigt werden, ohne dass daraus ein Anspruch auf Entsch\u00e4digung entsteht.<\/p>\n<p>[\/et_pb_text][et_pb_divider color=&#8220;#B3B3B3&#8243; admin_label=&#8220;Separador&#8220; _builder_version=&#8220;4.27.5&#8243; _module_preset=&#8220;default&#8220; global_colors_info=&#8220;{}&#8220;][\/et_pb_divider][et_pb_heading title=&#8220;DATENSCHUTZ&#8220; _builder_version=&#8220;4.27.5&#8243; _module_preset=&#8220;default&#8220; title_level=&#8220;h2&#8243; global_colors_info=&#8220;{}&#8220;][\/et_pb_heading][et_pb_text ul_position=&#8220;inside&#8220; _builder_version=&#8220;4.27.5&#8243; _module_preset=&#8220;default&#8220; custom_margin=&#8220;||0px||false|false&#8220; custom_padding=&#8220;||0px||false|false&#8220; custom_css_free_form=&#8220;selector p {||  margin-bottom: 1em;||}&#8220; global_colors_info=&#8220;{}&#8220;]<\/p>\n<p>Die personenbezogenen Daten werden gem\u00e4\u00df folgenden Vorschriften verarbeitet:<\/p>\n<ul>\n<li>Verordnung (EU) 2016\/679 des Europ\u00e4ischen Parlaments und des Rates vom 27. April 2016 zum Schutz nat\u00fcrlicher Personen bei der Verarbeitung personenbezogener Daten und zum freien Datenverkehr (DSGVO).<\/li>\n<li>Organgesetz 3\/2018 vom 5. Dezember zum Schutz personenbezogener Daten und zur Gew\u00e4hrleistung digitaler Rechte (LOPD-GDD).<\/li>\n<li>K\u00f6nigliches Dekret 1720\/2007 vom 21. Dezember, mit dem die Durchf\u00fchrungsverordnung zum Organgesetz 15\/1999 vom 13. Dezember zum Schutz personenbezogener Daten genehmigt wird (RDLOPD).<\/li>\n<li>Gesetz 34\/2002 vom 11. Juli \u00fcber Dienste der Informationsgesellschaft und elektronischen Gesch\u00e4ftsverkehr (LSSI-CE).<\/li>\n<\/ul>\n<p>[\/et_pb_text][et_pb_text _builder_version=&#8220;4.27.5&#8243; _dynamic_attributes=&#8220;link_option_url&#8220; _module_preset=&#8220;default&#8220; link_option_url=&#8220;@ET-DC@eyJkeW5hbWljIjp0cnVlLCJjb250ZW50IjoicG9zdF9saW5rX3VybF9wYWdlIiwic2V0dGluZ3MiOnsicG9zdF9pZCI6IjMifX0=@&#8220; link_option_url_new_window=&#8220;on&#8220; global_colors_info=&#8220;{}&#8220;]<\/p>\n<p>Der Nutzer kann die detaillierte Verarbeitung der Daten in der <span style=\"text-decoration: underline; cursor: pointer;\">Datenschutzerkl\u00e4rung<\/span> einsehen<\/p>\n<p>[\/et_pb_text][et_pb_divider color=&#8220;#B3B3B3&#8243; admin_label=&#8220;Separador&#8220; _builder_version=&#8220;4.27.5&#8243; _module_preset=&#8220;default&#8220; global_colors_info=&#8220;{}&#8220;][\/et_pb_divider][et_pb_heading title=&#8220;KOMMUNIKATION&#8220; _builder_version=&#8220;4.27.5&#8243; _module_preset=&#8220;default&#8220; title_level=&#8220;h2&#8243; global_colors_info=&#8220;{}&#8220;][\/et_pb_heading][et_pb_text ul_position=&#8220;inside&#8220; _builder_version=&#8220;4.27.5&#8243; _dynamic_attributes=&#8220;link_option_url&#8220; _module_preset=&#8220;default&#8220; link_option_url=&#8220;@ET-DC@eyJkeW5hbWljIjp0cnVlLCJjb250ZW50IjoicG9zdF9saW5rX3VybF9wYWdlIiwic2V0dGluZ3MiOnsicG9zdF9pZCI6IjMifX0=@&#8220; link_option_url_new_window=&#8220;on&#8220; global_colors_info=&#8220;{}&#8220;]<\/p>\n<p>Die Kommunikation kann \u00fcber folgende Kan\u00e4le erfolgen:<\/p>\n<ul>\n<li>E-Mail<\/li>\n<li>Telefon<\/li>\n<li>WhatsApp<\/li>\n<li>Web-Formular<\/li>\n<\/ul>\n<p>Der Nutzer akzeptiert jede dieser Methoden als g\u00fcltig.<\/p>\n<p>[\/et_pb_text][et_pb_divider color=&#8220;#B3B3B3&#8243; admin_label=&#8220;Separador&#8220; _builder_version=&#8220;4.27.5&#8243; _module_preset=&#8220;default&#8220; global_colors_info=&#8220;{}&#8220;][\/et_pb_divider][et_pb_heading title=&#8220;\u00c4NDERUNGEN&#8220; _builder_version=&#8220;4.27.5&#8243; _module_preset=&#8220;default&#8220; title_level=&#8220;h2&#8243; global_colors_info=&#8220;{}&#8220;][\/et_pb_heading][et_pb_text ul_position=&#8220;inside&#8220; _builder_version=&#8220;4.27.5&#8243; _dynamic_attributes=&#8220;link_option_url&#8220; _module_preset=&#8220;default&#8220; link_option_url=&#8220;@ET-DC@eyJkeW5hbWljIjp0cnVlLCJjb250ZW50IjoicG9zdF9saW5rX3VybF9wYWdlIiwic2V0dGluZ3MiOnsicG9zdF9pZCI6IjMifX0=@&#8220; link_option_url_new_window=&#8220;on&#8220; global_colors_info=&#8220;{}&#8220;]Storage &amp; Fly S.L. beh\u00e4lt sich das Recht vor, diese Bedingungen jederzeit zu \u00e4ndern, wobei die zum Zeitpunkt der Beauftragung ver\u00f6ffentlichten Bedingungen gelten.[\/et_pb_text][et_pb_divider color=&#8220;#B3B3B3&#8243; admin_label=&#8220;Separador&#8220; _builder_version=&#8220;4.27.5&#8243; _module_preset=&#8220;default&#8220; global_colors_info=&#8220;{}&#8220;][\/et_pb_divider][et_pb_heading title=&#8220;ANWENDBARES RECHT UND GERICHTSSTAND&#8220; _builder_version=&#8220;4.27.5&#8243; _module_preset=&#8220;default&#8220; title_level=&#8220;h2&#8243; global_colors_info=&#8220;{}&#8220;][\/et_pb_heading][et_pb_text ul_position=&#8220;inside&#8220; _builder_version=&#8220;4.27.5&#8243; _dynamic_attributes=&#8220;link_option_url&#8220; _module_preset=&#8220;default&#8220; link_option_url=&#8220;@ET-DC@eyJkeW5hbWljIjp0cnVlLCJjb250ZW50IjoicG9zdF9saW5rX3VybF9wYWdlIiwic2V0dGluZ3MiOnsicG9zdF9pZCI6IjMifX0=@&#8220; link_option_url_new_window=&#8220;on&#8220; hover_enabled=&#8220;0&#8243; global_colors_info=&#8220;{}&#8220; sticky_enabled=&#8220;0&#8243;]<\/p>\n<p>Diese Bedingungen unterliegen spanischem Recht. F\u00fcr die Beilegung etwaiger Streitigkeiten, die sich aus der Auslegung, Erf\u00fcllung oder Durchf\u00fchrung dieses Vertrags ergeben k\u00f6nnten, unterwerfen sich die Parteien ausdr\u00fccklich der Gerichtsbarkeit der Gerichte von Palma de Mallorca (Illes Balears) unter ausdr\u00fccklichem Verzicht auf jeden anderen Gerichtsstand, unbeschadet der Rechte, die die Verbraucherschutzvorschriften dem Verbraucher einr\u00e4umen, sich an die Gerichte seines Wohnsitzes zu wenden. <\/p>\n<p>[\/et_pb_text][et_pb_divider color=&#8220;#B3B3B3&#8243; admin_label=&#8220;Separador&#8220; _builder_version=&#8220;4.27.5&#8243; _module_preset=&#8220;default&#8220; global_colors_info=&#8220;{}&#8220;][\/et_pb_divider][et_pb_heading title=&#8220;BESCHWERDEN&#8220; _builder_version=&#8220;4.27.5&#8243; _module_preset=&#8220;default&#8220; title_level=&#8220;h2&#8243; global_colors_info=&#8220;{}&#8220;][\/et_pb_heading][et_pb_text ul_position=&#8220;inside&#8220; _builder_version=&#8220;4.27.5&#8243; _dynamic_attributes=&#8220;link_option_url&#8220; _module_preset=&#8220;default&#8220; link_option_url=&#8220;@ET-DC@eyJkeW5hbWljIjp0cnVlLCJjb250ZW50IjoicG9zdF9saW5rX3VybF9wYWdlIiwic2V0dGluZ3MiOnsicG9zdF9pZCI6IjMifX0=@&#8220; link_option_url_new_window=&#8220;on&#8220; hover_enabled=&#8220;0&#8243; global_colors_info=&#8220;{}&#8220; sticky_enabled=&#8220;0&#8243;]<\/p>\n<p>Der Nutzer kann Beschwerden einreichen, indem er sich \u00fcber einen der in diesem Dokument angegebenen Kan\u00e4le an Storage &amp; Fly S.L. wendet.<\/p>\n<p>Storage &amp; Fly S.L. stellt den Nutzern offizielle Beschwerdeformulare zur Verf\u00fcgung, die per E-Mail an <a href=\"mailto:info@storageandfly.com\">info@storageandfly.com<\/a> angefordert werden k\u00f6nnen. Nach Erhalt der Anfrage stellt das Unternehmen das entsprechende Formular schnellstm\u00f6glich zur Verf\u00fcgung. <\/p>\n<p>[\/et_pb_text][\/et_pb_column][\/et_pb_row][\/et_pb_section]<\/p>\n","protected":false},"excerpt":{"rendered":"<p>Inhaber: Storage &amp; Fly S.L. CIF: B16846636 Gesch\u00e4ftssitz: Calle Anfos Nr. 2, Urbanizaci\u00f3n Es Tolleric, 07609 Llucmajor (Illes Balears, Spanien) Registerdaten: Eingetragen im Handelsregister der Illes Balears, Band 2917, Blatt 62, Sektion 8, Blatt PM 92044, Eintragung 1 (4. Oktober 2021). Telefon: (+34) 871 043 361 E-Mail: info@storageandfly.comDiese Allgemeinen Gesch\u00e4ftsbedingungen regeln den Zugang, die Beauftragung [&hellip;]<\/p>\n","protected":false},"author":1,"featured_media":0,"parent":0,"menu_order":0,"comment_status":"closed","ping_status":"closed","template":"","meta":{"_et_pb_use_builder":"on","_et_pb_old_content":"","_et_gb_content_width":"","footnotes":""},"class_list":["post-8137","page","type-page","status-publish","hentry"],"_links":{"self":[{"href":"https:\/\/storageandfly.com\/de\/wp-json\/wp\/v2\/pages\/8137","targetHints":{"allow":["GET"]}}],"collection":[{"href":"https:\/\/storageandfly.com\/de\/wp-json\/wp\/v2\/pages"}],"about":[{"href":"https:\/\/storageandfly.com\/de\/wp-json\/wp\/v2\/types\/page"}],"author":[{"embeddable":true,"href":"https:\/\/storageandfly.com\/de\/wp-json\/wp\/v2\/users\/1"}],"replies":[{"embeddable":true,"href":"https:\/\/storageandfly.com\/de\/wp-json\/wp\/v2\/comments?post=8137"}],"version-history":[{"count":2,"href":"https:\/\/storageandfly.com\/de\/wp-json\/wp\/v2\/pages\/8137\/revisions"}],"predecessor-version":[{"id":8139,"href":"https:\/\/storageandfly.com\/de\/wp-json\/wp\/v2\/pages\/8137\/revisions\/8139"}],"wp:attachment":[{"href":"https:\/\/storageandfly.com\/de\/wp-json\/wp\/v2\/media?parent=8137"}],"curies":[{"name":"wp","href":"https:\/\/api.w.org\/{rel}","templated":true}]}}