{"id":8134,"date":"2026-04-09T10:31:49","date_gmt":"2026-04-09T08:31:49","guid":{"rendered":"https:\/\/storageandfly.com\/datenschutzerklaerung\/"},"modified":"2026-04-19T16:38:24","modified_gmt":"2026-04-19T14:38:24","slug":"datenschutzerklaerung","status":"publish","type":"page","link":"https:\/\/storageandfly.com\/de\/datenschutzerklaerung\/","title":{"rendered":"Datenschutzerkl\u00e4rung"},"content":{"rendered":"<p>[et_pb_section fb_built=&#8220;1&#8243; admin_label=&#8220;section&#8220; _builder_version=&#8220;4.16&#8243; global_colors_info=&#8220;{}&#8220;][et_pb_row admin_label=&#8220;Zeile&#8220; _builder_version=&#8220;4.16&#8243; background_size=&#8220;initial&#8220; background_position=&#8220;top_left&#8220; background_repeat=&#8220;repeat&#8220; global_colors_info=&#8220;{}&#8220;][et_pb_column type=&#8220;4_4&#8243; _builder_version=&#8220;4.16&#8243; custom_padding=&#8220;|||&#8220; global_colors_info=&#8220;{}&#8220; custom_padding__hover=&#8220;|||&#8220;][et_pb_heading title=&#8220;DATENSCHUTZ- UND DATENSCHUTZERKL\u00c4RUNG&#8220; _builder_version=&#8220;4.27.5&#8243; _module_preset=&#8220;default&#8220; global_colors_info=&#8220;{}&#8220;][\/et_pb_heading][et_pb_heading title=&#8220;GESETZE, DIE IN DIESER DATENSCHUTZERKL\u00c4RUNG ENTHALTEN SIND&#8220; _builder_version=&#8220;4.27.5&#8243; _module_preset=&#8220;default&#8220; title_level=&#8220;h2&#8243; global_colors_info=&#8220;{}&#8220;][\/et_pb_heading][et_pb_text ul_position=&#8220;inside&#8220; _builder_version=&#8220;4.27.5&#8243; _module_preset=&#8220;default&#8220; custom_padding=&#8220;||||false|false&#8220; custom_css_free_form=&#8220;selector p {||  margin-bottom: 1em;||}&#8220; global_colors_info=&#8220;{}&#8220;]<\/p>\n<p>Diese Datenschutzerkl\u00e4rung ist an die geltenden spanischen und europ\u00e4ischen Vorschriften zum Schutz personenbezogener Daten im Internet angepasst. Insbesondere beachtet sie die folgenden Bestimmungen: <\/p>\n<ul>\n<li>Die Verordnung (EU) 2016\/679 des Europ\u00e4ischen Parlaments und des Rates vom 27. April 2016 zum Schutz nat\u00fcrlicher Personen bei der Verarbeitung personenbezogener Daten und zum freien Verkehr solcher Daten (DSGVO).<\/li>\n<li>Das Organgesetz 3\/2018 vom 5. Dezember \u00fcber den Schutz personenbezogener Daten und die Gew\u00e4hrleistung digitaler Rechte (LOPD-GDD).<\/li>\n<li>Das K\u00f6nigliche Dekret 1720\/2007 vom 21. Dezember, mit dem die Durchf\u00fchrungsverordnung zum Organgesetz 15\/1999 vom 13. Dezember \u00fcber den Schutz personenbezogener Daten (RDLOPD) genehmigt wird.<\/li>\n<li>Das Gesetz 34\/2002 vom 11. Juli \u00fcber Dienste der Informationsgesellschaft und den elektronischen Gesch\u00e4ftsverkehr (LSSI-CE).<\/li>\n<\/ul>\n<p>[\/et_pb_text][et_pb_divider color=&#8220;#B3B3B3&#8243; _builder_version=&#8220;4.27.5&#8243; _module_preset=&#8220;default&#8220; global_colors_info=&#8220;{}&#8220;][\/et_pb_divider][et_pb_heading title=&#8220;VERANTWORTLICHER F\u00dcR DIE VERARBEITUNG PERSONENBEZOGENER DATEN&#8220; _builder_version=&#8220;4.27.5&#8243; _module_preset=&#8220;default&#8220; title_level=&#8220;h2&#8243; global_colors_info=&#8220;{}&#8220;][\/et_pb_heading][et_pb_text _builder_version=&#8220;4.27.5&#8243; _module_preset=&#8220;default&#8220; hover_enabled=&#8220;0&#8243; global_colors_info=&#8220;{}&#8220; sticky_enabled=&#8220;0&#8243;]In \u00dcbereinstimmung mit der geltenden Gesetzgebung wird darauf hingewiesen, dass die \u00fcber diese Website erhobenen personenbezogenen Daten verarbeitet werden von:<\/p>\n<p><strong>Firma: <\/strong>Storage &amp; Fly S.L.<\/p>\n<p><strong>Steuernummer (CIF): <\/strong>B16846636<\/p>\n<p><strong>Sitz: <\/strong>Calle Anfos N\u00ba 2, Urbanizaci\u00f3n Es Tolleric, 07609 Llucmajor (Illes Balears, Espa\u00f1a)<\/p>\n<p><strong>Registerdaten: <\/strong>Eingetragen im Handelsregister der Illes Balears, Band 2917, Blatt 62, Abteilung 8, Seite PM 92044, Eintragung 1. (4. Oktober 2021).<\/p>\n<p><strong>Telefon: <\/strong>(+34) 871 043 361<\/p>\n<p><strong>E-Mail: <\/strong><a href=\"mailto:info@storageandfly.com\">info@storageandfly.com<\/a>[\/et_pb_text][et_pb_divider color=&#8220;#B3B3B3&#8243; _builder_version=&#8220;4.27.5&#8243; _module_preset=&#8220;default&#8220; global_colors_info=&#8220;{}&#8220;][\/et_pb_divider][et_pb_heading title=&#8220;DATENSCHUTZBEAUFTRAGTER&#8220; _builder_version=&#8220;4.27.5&#8243; _module_preset=&#8220;default&#8220; title_level=&#8220;h2&#8243; hover_enabled=&#8220;0&#8243; global_colors_info=&#8220;{}&#8220; sticky_enabled=&#8220;0&#8243;][\/et_pb_heading][et_pb_text _builder_version=&#8220;4.27.5&#8243; _module_preset=&#8220;default&#8220; hover_enabled=&#8220;0&#8243; global_colors_info=&#8220;{}&#8220; sticky_enabled=&#8220;0&#8243;]<\/p>\n<p>Storage &amp; Fly S.L. ist gem\u00e4\u00df den in den Artikeln 37 und 38 der DSGVO festgelegten Kriterien nicht verpflichtet, einen Datenschutzbeauftragten (DSB) zu benennen, da keine gro\u00df angelegte Datenverarbeitung erfolgt und keine besonderen Kategorien von Daten systematisch verarbeitet werden. F\u00fcr Fragen zum Datenschutz k\u00f6nnen Sie sich jedoch an den Verantwortlichen unter <a href=\"mailto:info@storageandfly.com\">info@storageandfly.com<\/a> wenden. <\/p>\n<p>[\/et_pb_text][et_pb_divider color=&#8220;#B3B3B3&#8243; _builder_version=&#8220;4.27.5&#8243; _module_preset=&#8220;default&#8220; global_colors_info=&#8220;{}&#8220;][\/et_pb_divider][et_pb_heading title=&#8220;ZWECK DER VERARBEITUNG&#8220; _builder_version=&#8220;4.27.5&#8243; _module_preset=&#8220;default&#8220; title_level=&#8220;h2&#8243; global_colors_info=&#8220;{}&#8220;][\/et_pb_heading][et_pb_text ul_position=&#8220;inside&#8220; _builder_version=&#8220;4.27.5&#8243; _module_preset=&#8220;default&#8220; custom_css_free_form=&#8220;selector p {||  margin-bottom: 1em;||}&#8220; global_colors_info=&#8220;{}&#8220;]Die vom Nutzer bereitgestellten personenbezogenen Daten werden zu folgenden Zwecken verarbeitet:<\/p>\n<ul>\n<li>Abwicklung des Vertrags \u00fcber den Abhol-, Lager- und Zustellservice f\u00fcr Fahrzeuge am Flughafen<\/li>\n<li>Verwaltung von Reservierungen und Erbringung der Dienstleistung<\/li>\n<li>Erstellung der entsprechenden Rechnungen<\/li>\n<li>Bearbeitung von Anfragen oder Informationsersuchen<\/li>\n<li>Gegebenenfalls Versand von Mitteilungen im Zusammenhang mit der gebuchten Dienstleistung<\/li>\n<\/ul>\n<p>[\/et_pb_text][et_pb_divider color=&#8220;#B3B3B3&#8243; _builder_version=&#8220;4.27.5&#8243; _module_preset=&#8220;default&#8220; global_colors_info=&#8220;{}&#8220;][\/et_pb_divider][et_pb_heading title=&#8220;RECHTSGRUNDLAGE&#8220; _builder_version=&#8220;4.27.5&#8243; _module_preset=&#8220;default&#8220; title_level=&#8220;h2&#8243; global_colors_info=&#8220;{}&#8220;][\/et_pb_heading][et_pb_text ul_position=&#8220;inside&#8220; _builder_version=&#8220;4.27.5&#8243; _module_preset=&#8220;default&#8220; custom_css_free_form=&#8220;selector p {||  margin-bottom: 1em;||}&#8220; global_colors_info=&#8220;{}&#8220;]<\/p>\n<p>Die Rechtsgrundlage f\u00fcr die Datenverarbeitung ist:<\/p>\n<ul>\n<li>Die <strong>Erf\u00fcllung eines Vertrags<\/strong> (Erbringung der Dienstleistung)<\/li>\n<li>Die <strong>Erf\u00fcllung gesetzlicher Verpflichtungen<\/strong><\/li>\n<li>Gegebenenfalls die <strong>Einwilligung des Nutzers<\/strong><\/li>\n<\/ul>\n<p>[\/et_pb_text][et_pb_divider color=&#8220;#B3B3B3&#8243; _builder_version=&#8220;4.27.5&#8243; _module_preset=&#8220;default&#8220; global_colors_info=&#8220;{}&#8220;][\/et_pb_divider][et_pb_heading title=&#8220;SPEICHERDAUER DER DATEN&#8220; _builder_version=&#8220;4.27.5&#8243; _module_preset=&#8220;default&#8220; title_level=&#8220;h2&#8243; global_colors_info=&#8220;{}&#8220;][\/et_pb_heading][et_pb_text ul_position=&#8220;inside&#8220; _builder_version=&#8220;4.27.5&#8243; _module_preset=&#8220;default&#8220; custom_css_free_form=&#8220;selector p {||  margin-bottom: 1em;||}&#8220; global_colors_info=&#8220;{}&#8220;]Personenbezogene Daten werden gespeichert:<\/p>\n<ul>\n<li>Solange das Vertragsverh\u00e4ltnis besteht<\/li>\n<li>F\u00fcr die erforderlichen gesetzlichen Fristen (mindestens 5 Jahre zu steuerlichen Zwecken)<\/li>\n<li>Bis der Nutzer deren L\u00f6schung beantragt, sofern zutreffend<\/li>\n<\/ul>\n<p>[\/et_pb_text][et_pb_divider color=&#8220;#B3B3B3&#8243; _builder_version=&#8220;4.27.5&#8243; _module_preset=&#8220;default&#8220; global_colors_info=&#8220;{}&#8220;][\/et_pb_divider][et_pb_heading title=&#8220;EMPF\u00c4NGER DER DATEN&#8220; _builder_version=&#8220;4.27.5&#8243; _module_preset=&#8220;default&#8220; title_level=&#8220;h2&#8243; global_colors_info=&#8220;{}&#8220;][\/et_pb_heading][et_pb_text ul_position=&#8220;inside&#8220; _builder_version=&#8220;4.27.5&#8243; _module_preset=&#8220;default&#8220; global_colors_info=&#8220;{}&#8220;]<\/p>\n<p>Die Daten werden nicht an Dritte weitergegeben, au\u00dfer aufgrund gesetzlicher Verpflichtung.<\/p>\n<p>Allerdings k\u00f6nnen Dienstleister, die f\u00fcr den Betrieb der Website und die Erbringung der Dienstleistung erforderlich sind (z. B. Webhosting- oder E-Mail-Dienste), Zugriff auf die Daten haben; sie handeln in jedem Fall als Auftragsverarbeiter und unter den entsprechenden gesetzlichen Garantien.<\/p>\n<p>Diese Anbieter werden die Daten in keinem Fall f\u00fcr eigene Zwecke verwenden.<\/p>\n<p>[\/et_pb_text][et_pb_divider color=&#8220;#B3B3B3&#8243; _builder_version=&#8220;4.27.5&#8243; _module_preset=&#8220;default&#8220; global_colors_info=&#8220;{}&#8220;][\/et_pb_divider][et_pb_heading title=&#8220;VERARBEITETE DATEN&#8220; _builder_version=&#8220;4.27.5&#8243; _module_preset=&#8220;default&#8220; title_level=&#8220;h2&#8243; global_colors_info=&#8220;{}&#8220;][\/et_pb_heading][et_pb_text ul_position=&#8220;inside&#8220; _builder_version=&#8220;4.27.5&#8243; _module_preset=&#8220;default&#8220; global_colors_info=&#8220;{}&#8220;]Es k\u00f6nnen folgende Datenkategorien verarbeitet werden:<\/p>\n<ul>\n<li>Identifikationsdaten (Vorname, Nachname)<\/li>\n<li>Kontaktdaten (Telefon, E-Mail)<\/li>\n<li>Fahrzeugdaten (Kennzeichen oder andere f\u00fcr die Dienstleistung erforderliche Angaben)<\/li>\n<li>Daten im Zusammenhang mit der Reservierung<\/li>\n<\/ul>\n<p>Es werden keine besonderen Kategorien personenbezogener Daten verarbeitet.[\/et_pb_text][et_pb_divider color=&#8220;#B3B3B3&#8243; _builder_version=&#8220;4.27.5&#8243; _module_preset=&#8220;default&#8220; global_colors_info=&#8220;{}&#8220;][\/et_pb_divider][et_pb_heading title=&#8220;RECHTE DES NUTZERS&#8220; _builder_version=&#8220;4.27.5&#8243; _module_preset=&#8220;default&#8220; title_level=&#8220;h2&#8243; global_colors_info=&#8220;{}&#8220;][\/et_pb_heading][et_pb_text ul_position=&#8220;inside&#8220; _builder_version=&#8220;4.27.5&#8243; _module_preset=&#8220;default&#8220; custom_margin=&#8220;||0px||false|false&#8220; custom_css_free_form=&#8220;selector p {||  margin-bottom: 1em;||}&#8220; global_colors_info=&#8220;{}&#8220;]Der Nutzer kann folgende Rechte aus\u00fcben:<\/p>\n<ul>\n<li>Auskunft \u00fcber seine personenbezogenen Daten<\/li>\n<li>Berichtigung unrichtiger Daten<\/li>\n<li>L\u00f6schung seiner Daten<\/li>\n<li>Einschr\u00e4nkung der Verarbeitung<\/li>\n<li>Widerspruch gegen die Verarbeitung<\/li>\n<li>Daten\u00fcbertragbarkeit<\/li>\n<li>Nicht Gegenstand automatisierter Entscheidungen zu sein<\/li>\n<\/ul>\n<p>[\/et_pb_text][et_pb_text ul_position=&#8220;inside&#8220; _builder_version=&#8220;4.27.5&#8243; _module_preset=&#8220;default&#8220; custom_css_free_form=&#8220;selector p {||  margin-bottom: 1em;||}&#8220; global_colors_info=&#8220;{}&#8220;]<\/p>\n<p>Zur Aus\u00fcbung dieser Rechte k\u00f6nnen Sie eine Anfrage an <a href=\"mailto:info@storageandfly.com\">info@storageandfly.com<\/a> senden und dabei Folgendes angeben:<\/p>\n<ul>\n<li>Vor- und Nachname<\/li>\n<li>Das Recht, das Sie aus\u00fcben m\u00f6chten<\/li>\n<li>Kopie eines Ausweisdokuments<\/li>\n<\/ul>\n<p>[\/et_pb_text][et_pb_divider color=&#8220;#B3B3B3&#8243; _builder_version=&#8220;4.27.5&#8243; _module_preset=&#8220;default&#8220; global_colors_info=&#8220;{}&#8220;][\/et_pb_divider][et_pb_heading title=&#8220;BESCHWERDEN&#8220; _builder_version=&#8220;4.27.5&#8243; _module_preset=&#8220;default&#8220; title_level=&#8220;h2&#8243; global_colors_info=&#8220;{}&#8220;][\/et_pb_heading][et_pb_text ul_position=&#8220;inside&#8220; _builder_version=&#8220;4.27.5&#8243; _module_preset=&#8220;default&#8220; global_colors_info=&#8220;{}&#8220;]Der Nutzer hat das Recht, bei der zust\u00e4ndigen Aufsichtsbeh\u00f6rde Beschwerde einzulegen:<\/p>\n<p>Spanische Datenschutzbeh\u00f6rde (Agencia Espa\u00f1ola de Protecci\u00f3n de Datos)<br \/>\n<a href=\"https:\/\/www.aepd.es\">https:\/\/www.aepd.es<\/a>[\/et_pb_text][et_pb_divider color=&#8220;#B3B3B3&#8243; admin_label=&#8220;Separador&#8220; _builder_version=&#8220;4.27.5&#8243; _module_preset=&#8220;default&#8220; global_colors_info=&#8220;{}&#8220;][\/et_pb_divider][et_pb_heading title=&#8220;DATENSICHERHEIT&#8220; _builder_version=&#8220;4.27.5&#8243; _module_preset=&#8220;default&#8220; title_level=&#8220;h2&#8243; global_colors_info=&#8220;{}&#8220;][\/et_pb_heading][et_pb_text ul_position=&#8220;inside&#8220; _builder_version=&#8220;4.27.5&#8243; _module_preset=&#8220;default&#8220; global_colors_info=&#8220;{}&#8220;]Storage &amp; Fly S.L. ergreift die erforderlichen technischen und organisatorischen Ma\u00dfnahmen, um die Sicherheit, Integrit\u00e4t und Vertraulichkeit personenbezogener Daten zu gew\u00e4hrleisten.<\/p>\n<p>Eine absolute Sicherheit im Internet kann jedoch nicht garantiert werden.[\/et_pb_text][et_pb_divider color=&#8220;#B3B3B3&#8243; admin_label=&#8220;Separador&#8220; _builder_version=&#8220;4.27.5&#8243; _module_preset=&#8220;default&#8220; global_colors_info=&#8220;{}&#8220;][\/et_pb_divider][et_pb_heading title=&#8220;DATEN VON MINDERJ\u00c4HRIGEN&#8220; _builder_version=&#8220;4.27.5&#8243; _module_preset=&#8220;default&#8220; title_level=&#8220;h2&#8243; global_colors_info=&#8220;{}&#8220;][\/et_pb_heading][et_pb_text ul_position=&#8220;inside&#8220; _builder_version=&#8220;4.27.5&#8243; _module_preset=&#8220;default&#8220; global_colors_info=&#8220;{}&#8220;]Diese Website richtet sich nicht an Minderj\u00e4hrige.<\/p>\n<p>Es werden nicht wissentlich Daten von Minderj\u00e4hrigen erhoben.[\/et_pb_text][et_pb_divider color=&#8220;#B3B3B3&#8243; admin_label=&#8220;Separador&#8220; _builder_version=&#8220;4.27.5&#8243; _module_preset=&#8220;default&#8220; global_colors_info=&#8220;{}&#8220;][\/et_pb_divider][et_pb_heading title=&#8220;INTERNATIONALE DATEN\u00dcBERMITTLUNGEN&#8220; _builder_version=&#8220;4.27.5&#8243; _module_preset=&#8220;default&#8220; title_level=&#8220;h2&#8243; hover_enabled=&#8220;0&#8243; global_colors_info=&#8220;{}&#8220; sticky_enabled=&#8220;0&#8243;][\/et_pb_heading][et_pb_text ul_position=&#8220;inside&#8220; _builder_version=&#8220;4.27.5&#8243; _module_preset=&#8220;default&#8220; hover_enabled=&#8220;0&#8243; global_colors_info=&#8220;{}&#8220; sticky_enabled=&#8220;0&#8243;]<\/p>\n<p>Storage &amp; Fly S.L. f\u00fchrt keine internationalen \u00dcbermittlungen personenbezogener Daten in Drittl\u00e4nder au\u00dferhalb des Europ\u00e4ischen Wirtschaftsraums (EWR) durch. Alle Daten werden auf Servern innerhalb des EWR oder in L\u00e4ndern verarbeitet und gespeichert, f\u00fcr die ein Angemessenheitsbeschluss der Europ\u00e4ischen Kommission vorliegt. <\/p>\n<p>[\/et_pb_text][et_pb_divider color=&#8220;#B3B3B3&#8243; admin_label=&#8220;Separador&#8220; _builder_version=&#8220;4.27.5&#8243; _module_preset=&#8220;default&#8220; global_colors_info=&#8220;{}&#8220;][\/et_pb_divider][et_pb_heading title=&#8220;\u00c4NDERUNGEN&#8220; _builder_version=&#8220;4.27.5&#8243; _module_preset=&#8220;default&#8220; title_level=&#8220;h2&#8243; global_colors_info=&#8220;{}&#8220;][\/et_pb_heading][et_pb_text _builder_version=&#8220;4.27.5&#8243; _module_preset=&#8220;default&#8220; global_colors_info=&#8220;{}&#8220;]Storage &amp; Fly S.L. beh\u00e4lt sich das Recht vor, diese Datenschutzerkl\u00e4rung anzupassen, um sie an gesetzliche Neuerungen oder \u00c4nderungen der T\u00e4tigkeit anzupassen.<\/p>\n<p>Es wird empfohlen, sie regelm\u00e4\u00dfig zu \u00fcberpr\u00fcfen.[\/et_pb_text][et_pb_divider color=&#8220;#B3B3B3&#8243; admin_label=&#8220;Separador&#8220; _builder_version=&#8220;4.27.5&#8243; _module_preset=&#8220;default&#8220; global_colors_info=&#8220;{}&#8220;][\/et_pb_divider][et_pb_heading title=&#8220;INFORMATION UND EINWILLIGUNG&#8220; _builder_version=&#8220;4.27.5&#8243; _module_preset=&#8220;default&#8220; title_level=&#8220;h2&#8243; hover_enabled=&#8220;0&#8243; global_colors_info=&#8220;{}&#8220; sticky_enabled=&#8220;0&#8243;][\/et_pb_heading][et_pb_text ul_position=&#8220;inside&#8220; _builder_version=&#8220;4.27.5&#8243; _module_preset=&#8220;default&#8220; custom_margin=&#8220;||0px||false|false&#8220; custom_padding=&#8220;||0px||false|false&#8220; hover_enabled=&#8220;0&#8243; custom_css_free_form=&#8220;selector p {||  margin-bottom: 1em;||}&#8220; global_colors_info=&#8220;{}&#8220; sticky_enabled=&#8220;0&#8243;]Gem\u00e4\u00df der Verordnung (EU) 2016\/679 (DSGVO) und dem Organgesetz 3\/2018 (LOPD-GDD) informiert Sie Storage &amp; Fly S.L. dar\u00fcber, dass die von Ihnen bereitgestellten personenbezogenen Daten ausschlie\u00dflich zu den in dieser Erkl\u00e4rung beschriebenen Zwecken und auf den angegebenen Rechtsgrundlagen verarbeitet werden.<\/p>\n<p>Die Einwilligung zur Verarbeitung Ihrer Daten, sofern diese die anwendbare Rechtsgrundlage ist, wird in jedem Formular oder Prozess, in dem sie angefordert wird, ausdr\u00fccklich und eindeutig eingeholt \u2013 mittels eines Kontrollk\u00e4stchens oder eines gleichwertigen Mechanismus, den der Nutzer aktiv ankreuzen muss.<\/p>\n<p>Das blo\u00dfe Surfen auf dieser Website f\u00fchrt f\u00fcr sich genommen weder zur Verarbeitung personenbezogener Daten noch stellt es eine Einwilligung dar.[\/et_pb_text][\/et_pb_column][\/et_pb_row][\/et_pb_section]<\/p>\n","protected":false},"excerpt":{"rendered":"<p>Diese Datenschutzerkl\u00e4rung ist an die geltenden spanischen und europ\u00e4ischen Vorschriften zum Schutz personenbezogener Daten im Internet angepasst. Insbesondere beachtet sie die folgenden Bestimmungen: Die Verordnung (EU) 2016\/679 des Europ\u00e4ischen Parlaments und des Rates vom 27. April 2016 zum Schutz nat\u00fcrlicher Personen bei der Verarbeitung personenbezogener Daten und zum freien Verkehr solcher Daten (DSGVO). Das Organgesetz [&hellip;]<\/p>\n","protected":false},"author":1,"featured_media":0,"parent":0,"menu_order":0,"comment_status":"closed","ping_status":"closed","template":"","meta":{"_et_pb_use_builder":"on","_et_pb_old_content":"","_et_gb_content_width":"","footnotes":""},"class_list":["post-8134","page","type-page","status-publish","hentry"],"_links":{"self":[{"href":"https:\/\/storageandfly.com\/de\/wp-json\/wp\/v2\/pages\/8134","targetHints":{"allow":["GET"]}}],"collection":[{"href":"https:\/\/storageandfly.com\/de\/wp-json\/wp\/v2\/pages"}],"about":[{"href":"https:\/\/storageandfly.com\/de\/wp-json\/wp\/v2\/types\/page"}],"author":[{"embeddable":true,"href":"https:\/\/storageandfly.com\/de\/wp-json\/wp\/v2\/users\/1"}],"replies":[{"embeddable":true,"href":"https:\/\/storageandfly.com\/de\/wp-json\/wp\/v2\/comments?post=8134"}],"version-history":[{"count":2,"href":"https:\/\/storageandfly.com\/de\/wp-json\/wp\/v2\/pages\/8134\/revisions"}],"predecessor-version":[{"id":8136,"href":"https:\/\/storageandfly.com\/de\/wp-json\/wp\/v2\/pages\/8134\/revisions\/8136"}],"wp:attachment":[{"href":"https:\/\/storageandfly.com\/de\/wp-json\/wp\/v2\/media?parent=8134"}],"curies":[{"name":"wp","href":"https:\/\/api.w.org\/{rel}","templated":true}]}}