{"id":8116,"date":"2026-04-19T12:40:44","date_gmt":"2026-04-19T10:40:44","guid":{"rendered":"https:\/\/storageandfly.com\/startseite\/"},"modified":"2026-04-19T20:33:23","modified_gmt":"2026-04-19T18:33:23","slug":"startseite","status":"publish","type":"page","link":"https:\/\/storageandfly.com\/de\/","title":{"rendered":"Startseite"},"content":{"rendered":"<p>[et_pb_section fb_built=&#8220;1&#8243; _builder_version=&#8220;4.27.5&#8243; _module_preset=&#8220;default&#8220; background_color=&#8220;rgba(0,0,0,0.75)&#8220; background_image=&#8220;https:\/\/storageandfly.com\/wp-content\/uploads\/2026\/04\/slider_282244432.jpg&#8220; background_blend=&#8220;multiply&#8220; custom_padding=&#8220;200px||200px||true|false&#8220; global_colors_info=&#8220;{}&#8220;][et_pb_row _builder_version=&#8220;4.27.5&#8243; _module_preset=&#8220;default&#8220; global_colors_info=&#8220;{}&#8220;][et_pb_column type=&#8220;4_4&#8243; _builder_version=&#8220;4.27.5&#8243; _module_preset=&#8220;default&#8220; global_colors_info=&#8220;{}&#8220;][et_pb_heading title=&#8220;VIP-PARKEN&#8220; _builder_version=&#8220;4.27.5&#8243; _module_preset=&#8220;default&#8220; title_font=&#8220;\u2013et_global_heading_font|\u2013et_global_heading_font_weight|||||||&#8220; title_text_align=&#8220;center&#8220; title_text_color=&#8220;gcid-primary-color&#8220; title_font_size=&#8220;48px&#8220; custom_margin=&#8220;||0px||false|false&#8220; global_colors_info=&#8220;{%22gcid-primary-color%22:%91%22title_text_color%22%93}&#8220;][\/et_pb_heading][et_pb_heading title=&#8220;AM FLUGHAFEN AB&#8220; _builder_version=&#8220;4.27.5&#8243; _module_preset=&#8220;default&#8220; title_level=&#8220;h2&#8243; title_font=&#8220;\u2013et_global_heading_font|\u2013et_global_heading_font_weight|||||||&#8220; title_text_align=&#8220;center&#8220; title_text_color=&#8220;#FFFFFF&#8220; title_font_size=&#8220;36px&#8220; custom_margin=&#8220;||0px||false|false&#8220; global_colors_info=&#8220;{}&#8220;][\/et_pb_heading][et_pb_text _builder_version=&#8220;4.27.5&#8243; _module_preset=&#8220;default&#8220; text_font=&#8220;\u2013et_global_body_font|\u2013et_global_body_font_weight|||||||&#8220; text_text_color=&#8220;#d2d2d2&#8243; text_font_size=&#8220;16px&#8220; text_orientation=&#8220;center&#8220; background_layout=&#8220;dark&#8220; global_colors_info=&#8220;{}&#8220;]<\/p>\n<p>Exklusiver Fahrzeugparkservice am Flughafen Palma de Mallorca.<br \/>Geben Sie Ihr Auto am Flughafen ab, wir parken es und \u00fcbergeben es Ihnen bei Ihrer R\u00fcckkehr.<br \/>Ohne zus\u00e4tzliche Transfers, alles direkt vom Terminal aus.<\/p>\n<p>[\/et_pb_text][\/et_pb_column][\/et_pb_row][\/et_pb_section][et_pb_section fb_built=&#8220;1&#8243; _builder_version=&#8220;4.27.5&#8243; _module_preset=&#8220;default&#8220; global_colors_info=&#8220;{}&#8220;][et_pb_row _builder_version=&#8220;4.27.5&#8243; _module_preset=&#8220;default&#8220; custom_margin=&#8220;||||false|false&#8220; custom_padding=&#8220;||||false|false&#8220; global_colors_info=&#8220;{}&#8220;][et_pb_column type=&#8220;4_4&#8243; _builder_version=&#8220;4.27.5&#8243; _module_preset=&#8220;default&#8220; global_colors_info=&#8220;{}&#8220;][et_pb_heading title=&#8220;WIE FUNKTIONIERT UNSER SERVICE?&#8220; _builder_version=&#8220;4.27.5&#8243; _module_preset=&#8220;default&#8220; title_level=&#8220;h2&#8243; title_font=&#8220;\u2013et_global_heading_font|\u2013et_global_heading_font_weight|||||||&#8220; title_text_align=&#8220;center&#8220; title_text_color=&#8220;gcid-primary-color&#8220; global_colors_info=&#8220;{%22gcid-primary-color%22:%91%22title_text_color%22%93}&#8220;][\/et_pb_heading][\/et_pb_column][\/et_pb_row][et_pb_row column_structure=&#8220;1_2,1_2&#8243; make_equal=&#8220;on&#8220; _builder_version=&#8220;4.27.5&#8243; _module_preset=&#8220;default&#8220; custom_css_free_form=&#8220;selector {||  align-items: center;||}&#8220; global_colors_info=&#8220;{}&#8220;][et_pb_column type=&#8220;1_2&#8243; _builder_version=&#8220;4.27.5&#8243; _module_preset=&#8220;default&#8220; global_colors_info=&#8220;{}&#8220;][et_pb_image src=&#8220;https:\/\/storageandfly.com\/wp-content\/uploads\/2026\/04\/icon_storage.jpg&#8220; title_text=&#8220;icon_storage&#8220; _builder_version=&#8220;4.27.5&#8243; _module_preset=&#8220;default&#8220; global_colors_info=&#8220;{}&#8220;][\/et_pb_image][\/et_pb_column][et_pb_column type=&#8220;1_2&#8243; _builder_version=&#8220;4.27.5&#8243; _module_preset=&#8220;default&#8220; global_colors_info=&#8220;{}&#8220;][et_pb_text _builder_version=&#8220;4.27.5&#8243; _module_preset=&#8220;default&#8220; text_font=&#8220;Poppins|\u2013et_global_body_font_weight|||||||&#8220; text_font_size=&#8220;16px&#8220; hover_enabled=&#8220;0&#8243; global_colors_info=&#8220;{}&#8220; sticky_enabled=&#8220;0&#8243;]<\/p>\n<ul>\n<li>Abholung und \u00dcbergabe der Fahrzeuge <strong>am Flughafen<\/strong><\/li>\n<li><strong>KEINE <\/strong>Shuttle-Busse mehr<\/li>\n<li>Durchgehende Sicherheit <strong>24 Stunden am Tag<\/strong><\/li>\n<li><strong>Reifenpr\u00fcfung<\/strong> KOSTENLOS<\/li>\n<li>Optional buchbarer Service f\u00fcr <strong>T\u00dcV-Verwaltung<\/strong><\/li>\n<\/ul>\n<p>[\/et_pb_text][\/et_pb_column][\/et_pb_row][et_pb_row _builder_version=&#8220;4.27.5&#8243; _module_preset=&#8220;default&#8220; global_colors_info=&#8220;{}&#8220;][et_pb_column type=&#8220;4_4&#8243; _builder_version=&#8220;4.27.5&#8243; _module_preset=&#8220;default&#8220; global_colors_info=&#8220;{}&#8220;][et_pb_heading title=&#8220;FAHRZEUG\u00dcBERGABE&#8220; _builder_version=&#8220;4.27.5&#8243; _module_preset=&#8220;default&#8220; title_level=&#8220;h3&#8243; title_font=&#8220;\u2013et_global_heading_font|\u2013et_global_heading_font_weight|||||||&#8220; title_text_align=&#8220;center&#8220; global_colors_info=&#8220;{}&#8220;][\/et_pb_heading][\/et_pb_column][\/et_pb_row][et_pb_row column_structure=&#8220;1_3,1_3,1_3&#8243; _builder_version=&#8220;4.27.5&#8243; _module_preset=&#8220;default&#8220; global_colors_info=&#8220;{}&#8220;][et_pb_column type=&#8220;1_3&#8243; _builder_version=&#8220;4.27.5&#8243; _module_preset=&#8220;default&#8220; global_colors_info=&#8220;{}&#8220;][et_pb_image src=&#8220;https:\/\/storageandfly.com\/wp-content\/uploads\/2026\/04\/buchen_parking.png&#8220; title_text=&#8220;online reservierungen&#8220; _builder_version=&#8220;4.27.5&#8243; _module_preset=&#8220;default&#8220; global_colors_info=&#8220;{}&#8220;][\/et_pb_image][et_pb_heading title=&#8220;ONLINE&#8220; _builder_version=&#8220;4.27.5&#8243; _module_preset=&#8220;default&#8220; title_level=&#8220;h3&#8243; title_font=&#8220;\u2013et_global_heading_font|\u2013et_global_heading_font_weight|||||||&#8220; title_text_align=&#8220;center&#8220; custom_margin=&#8220;||0px||false|false&#8220; global_colors_info=&#8220;{}&#8220;][\/et_pb_heading][et_pb_heading title=&#8220;BUCHEN Reservierungen&#8220; _builder_version=&#8220;4.27.5&#8243; _module_preset=&#8220;default&#8220; title_level=&#8220;h3&#8243; title_font=&#8220;\u2013et_global_heading_font|\u2013et_global_heading_font_weight|||||||&#8220; title_text_align=&#8220;center&#8220; title_text_color=&#8220;gcid-primary-color&#8220; global_colors_info=&#8220;{%22gcid-primary-color%22:%91%22title_text_color%22%93}&#8220;][\/et_pb_heading][\/et_pb_column][et_pb_column type=&#8220;1_3&#8243; _builder_version=&#8220;4.27.5&#8243; _module_preset=&#8220;default&#8220; global_colors_info=&#8220;{}&#8220;][et_pb_image src=&#8220;https:\/\/storageandfly.com\/wp-content\/uploads\/2026\/04\/abgabe_parking.png&#8220; title_text=&#8220;entrega&#8220; _builder_version=&#8220;4.27.5&#8243; _module_preset=&#8220;default&#8220; global_colors_info=&#8220;{}&#8220;][\/et_pb_image][et_pb_heading title=&#8220;GEBEN SIE IHR AUTO&#8220; _builder_version=&#8220;4.27.5&#8243; _module_preset=&#8220;default&#8220; title_level=&#8220;h3&#8243; title_font=&#8220;\u2013et_global_heading_font|\u2013et_global_heading_font_weight|||||||&#8220; title_text_align=&#8220;center&#8220; custom_margin=&#8220;||0px||false|false&#8220; global_colors_info=&#8220;{}&#8220;][\/et_pb_heading][et_pb_heading title=&#8220;AM FLUGHAFEN AB&#8220; _builder_version=&#8220;4.27.5&#8243; _module_preset=&#8220;default&#8220; title_level=&#8220;h3&#8243; title_font=&#8220;\u2013et_global_heading_font|\u2013et_global_heading_font_weight|||||||&#8220; title_text_align=&#8220;center&#8220; title_text_color=&#8220;gcid-primary-color&#8220; global_colors_info=&#8220;{%22gcid-primary-color%22:%91%22title_text_color%22%93}&#8220;][\/et_pb_heading][\/et_pb_column][et_pb_column type=&#8220;1_3&#8243; _builder_version=&#8220;4.27.5&#8243; _module_preset=&#8220;default&#8220; global_colors_info=&#8220;{}&#8220;][et_pb_image src=&#8220;https:\/\/storageandfly.com\/wp-content\/uploads\/2026\/04\/reisen_parking.png&#8220; title_text=&#8220;terminal&#8220; _builder_version=&#8220;4.27.5&#8243; _module_preset=&#8220;default&#8220; global_colors_info=&#8220;{}&#8220;][\/et_pb_image][et_pb_heading title=&#8220;GEHEN SIE ZUM TERMINAL&#8220; _builder_version=&#8220;4.27.5&#8243; _module_preset=&#8220;default&#8220; title_level=&#8220;h3&#8243; title_font=&#8220;\u2013et_global_heading_font|\u2013et_global_heading_font_weight|||||||&#8220; title_text_align=&#8220;center&#8220; custom_margin=&#8220;||0px||false|false&#8220; global_colors_info=&#8220;{}&#8220;][\/et_pb_heading][et_pb_heading title=&#8220;OHNE KOMPLIKATIONEN&#8220; _builder_version=&#8220;4.27.5&#8243; _module_preset=&#8220;default&#8220; title_level=&#8220;h3&#8243; title_font=&#8220;\u2013et_global_heading_font|\u2013et_global_heading_font_weight|||||||&#8220; title_text_align=&#8220;center&#8220; title_text_color=&#8220;gcid-primary-color&#8220; global_colors_info=&#8220;{%22gcid-primary-color%22:%91%22title_text_color%22%93}&#8220;][\/et_pb_heading][\/et_pb_column][\/et_pb_row][et_pb_row _builder_version=&#8220;4.27.5&#8243; _module_preset=&#8220;default&#8220; global_colors_info=&#8220;{}&#8220;][et_pb_column type=&#8220;4_4&#8243; _builder_version=&#8220;4.27.5&#8243; _module_preset=&#8220;default&#8220; global_colors_info=&#8220;{}&#8220;][et_pb_divider color=&#8220;#000000&#8243; _builder_version=&#8220;4.27.5&#8243; _module_preset=&#8220;default&#8220; global_colors_info=&#8220;{}&#8220;][\/et_pb_divider][et_pb_heading title=&#8220;FAHRZEUGABHOLUNG&#8220; _builder_version=&#8220;4.27.5&#8243; _module_preset=&#8220;default&#8220; title_level=&#8220;h3&#8243; title_font=&#8220;\u2013et_global_heading_font|\u2013et_global_heading_font_weight|||||||&#8220; title_text_align=&#8220;center&#8220; global_colors_info=&#8220;{}&#8220;][\/et_pb_heading][\/et_pb_column][\/et_pb_row][et_pb_row column_structure=&#8220;1_3,1_3,1_3&#8243; _builder_version=&#8220;4.27.5&#8243; _module_preset=&#8220;default&#8220; global_colors_info=&#8220;{}&#8220;][et_pb_column type=&#8220;1_3&#8243; _builder_version=&#8220;4.27.5&#8243; _module_preset=&#8220;default&#8220; global_colors_info=&#8220;{}&#8220;][et_pb_image src=&#8220;https:\/\/storageandfly.com\/wp-content\/uploads\/2026\/04\/info_parking.png&#8220; title_text=&#8220;info_parking&#8220; _builder_version=&#8220;4.27.5&#8243; _module_preset=&#8220;default&#8220; global_colors_info=&#8220;{}&#8220;][\/et_pb_image][et_pb_heading title=&#8220;BUCHEN SIE ONLINE* UND GEBEN SIE&#8220; _builder_version=&#8220;4.27.5&#8243; _module_preset=&#8220;default&#8220; title_level=&#8220;h4&#8243; title_font=&#8220;\u2013et_global_heading_font|\u2013et_global_heading_font_weight|||||||&#8220; title_text_align=&#8220;center&#8220; custom_margin=&#8220;||0px||false|false&#8220; global_colors_info=&#8220;{}&#8220;][\/et_pb_heading][et_pb_heading title=&#8220;DATUM UND UHRZEIT DER ANKUNFT AN&#8220; _builder_version=&#8220;4.27.5&#8243; _module_preset=&#8220;default&#8220; title_level=&#8220;h4&#8243; title_font=&#8220;\u2013et_global_heading_font|\u2013et_global_heading_font_weight|||||||&#8220; title_text_align=&#8220;center&#8220; title_text_color=&#8220;gcid-primary-color&#8220; global_colors_info=&#8220;{%22gcid-primary-color%22:%91%22title_text_color%22%93}&#8220;][\/et_pb_heading][\/et_pb_column][et_pb_column type=&#8220;1_3&#8243; _builder_version=&#8220;4.27.5&#8243; _module_preset=&#8220;default&#8220; global_colors_info=&#8220;{}&#8220;][et_pb_image src=&#8220;https:\/\/storageandfly.com\/wp-content\/uploads\/2026\/04\/anreise_parking.png&#8220; title_text=&#8220;anreise_parking&#8220; _builder_version=&#8220;4.27.5&#8243; _module_preset=&#8220;default&#8220; global_colors_info=&#8220;{}&#8220;][\/et_pb_image][et_pb_heading title=&#8220;GEHEN SIE ZUM ABHOLPUNKT&#8220; _builder_version=&#8220;4.27.5&#8243; _module_preset=&#8220;default&#8220; title_level=&#8220;h4&#8243; title_font=&#8220;\u2013et_global_heading_font|\u2013et_global_heading_font_weight|||||||&#8220; title_text_align=&#8220;center&#8220; custom_margin=&#8220;||0px||false|false&#8220; global_colors_info=&#8220;{}&#8220;][\/et_pb_heading][et_pb_heading title=&#8220;NACH DER LANDUNG&#8220; _builder_version=&#8220;4.27.5&#8243; _module_preset=&#8220;default&#8220; title_level=&#8220;h4&#8243; title_font=&#8220;\u2013et_global_heading_font|\u2013et_global_heading_font_weight|||||||&#8220; title_text_align=&#8220;center&#8220; title_text_color=&#8220;gcid-primary-color&#8220; global_colors_info=&#8220;{%22gcid-primary-color%22:%91%22title_text_color%22%93}&#8220;][\/et_pb_heading][\/et_pb_column][et_pb_column type=&#8220;1_3&#8243; _builder_version=&#8220;4.27.5&#8243; _module_preset=&#8220;default&#8220; global_colors_info=&#8220;{}&#8220;][et_pb_image src=&#8220;https:\/\/storageandfly.com\/wp-content\/uploads\/2026\/04\/einsteigen_parking.png&#8220; title_text=&#8220;einsteigen_parking&#8220; _builder_version=&#8220;4.27.5&#8243; _module_preset=&#8220;default&#8220; global_colors_info=&#8220;{}&#8220;][\/et_pb_image][et_pb_heading title=&#8220;IHR AUTO WARTET AUF SIE&#8220; _builder_version=&#8220;4.27.5&#8243; _module_preset=&#8220;default&#8220; title_level=&#8220;h4&#8243; title_font=&#8220;\u2013et_global_heading_font|\u2013et_global_heading_font_weight|||||||&#8220; title_text_align=&#8220;center&#8220; custom_margin=&#8220;||0px||false|false&#8220; global_colors_info=&#8220;{}&#8220;][\/et_pb_heading][et_pb_heading title=&#8220;WO SIE ES ABGEGEBEN HABEN&#8220; _builder_version=&#8220;4.27.5&#8243; _module_preset=&#8220;default&#8220; title_level=&#8220;h4&#8243; title_font=&#8220;\u2013et_global_heading_font|\u2013et_global_heading_font_weight|||||||&#8220; title_text_align=&#8220;center&#8220; title_text_color=&#8220;gcid-primary-color&#8220; global_colors_info=&#8220;{%22gcid-primary-color%22:%91%22title_text_color%22%93}&#8220;][\/et_pb_heading][\/et_pb_column][\/et_pb_row][et_pb_row _builder_version=&#8220;4.27.5&#8243; _module_preset=&#8220;default&#8220; global_colors_info=&#8220;{}&#8220;][et_pb_column type=&#8220;4_4&#8243; _builder_version=&#8220;4.27.5&#8243; _module_preset=&#8220;default&#8220; global_colors_info=&#8220;{}&#8220;][et_pb_text _builder_version=&#8220;4.27.5&#8243; _module_preset=&#8220;default&#8220; text_font=&#8220;Poppins|\u2013et_global_body_font_weight|||||||&#8220; text_font_size=&#8220;16px&#8220; global_colors_info=&#8220;{}&#8220;]<\/p>\n<p>* Bitte buchen Sie 48 Stunden im Voraus<\/p>\n<p>[\/et_pb_text][\/et_pb_column][\/et_pb_row][\/et_pb_section]<\/p>\n","protected":false},"excerpt":{"rendered":"<p>Exklusiver Fahrzeugparkservice am Flughafen Palma de Mallorca.Geben Sie Ihr Auto am Flughafen ab, wir parken es und \u00fcbergeben es Ihnen bei Ihrer R\u00fcckkehr.Ohne zus\u00e4tzliche Transfers, alles direkt vom Terminal aus. Abholung und \u00dcbergabe der Fahrzeuge am Flughafen KEINE Shuttle-Busse mehr Durchgehende Sicherheit 24 Stunden am Tag Reifenpr\u00fcfung KOSTENLOS Optional buchbarer Service f\u00fcr T\u00dcV-Verwaltung * Bitte [&hellip;]<\/p>\n","protected":false},"author":1,"featured_media":0,"parent":0,"menu_order":0,"comment_status":"closed","ping_status":"closed","template":"","meta":{"_et_pb_use_builder":"on","_et_pb_old_content":"","_et_gb_content_width":"","footnotes":""},"class_list":["post-8116","page","type-page","status-publish","hentry"],"_links":{"self":[{"href":"https:\/\/storageandfly.com\/de\/wp-json\/wp\/v2\/pages\/8116","targetHints":{"allow":["GET"]}}],"collection":[{"href":"https:\/\/storageandfly.com\/de\/wp-json\/wp\/v2\/pages"}],"about":[{"href":"https:\/\/storageandfly.com\/de\/wp-json\/wp\/v2\/types\/page"}],"author":[{"embeddable":true,"href":"https:\/\/storageandfly.com\/de\/wp-json\/wp\/v2\/users\/1"}],"replies":[{"embeddable":true,"href":"https:\/\/storageandfly.com\/de\/wp-json\/wp\/v2\/comments?post=8116"}],"version-history":[{"count":12,"href":"https:\/\/storageandfly.com\/de\/wp-json\/wp\/v2\/pages\/8116\/revisions"}],"predecessor-version":[{"id":8274,"href":"https:\/\/storageandfly.com\/de\/wp-json\/wp\/v2\/pages\/8116\/revisions\/8274"}],"wp:attachment":[{"href":"https:\/\/storageandfly.com\/de\/wp-json\/wp\/v2\/media?parent=8116"}],"curies":[{"name":"wp","href":"https:\/\/api.w.org\/{rel}","templated":true}]}}