{"id":8102,"date":"2026-04-14T17:10:41","date_gmt":"2026-04-14T15:10:41","guid":{"rendered":"https:\/\/storageandfly.com\/cookie-richtlinie\/"},"modified":"2026-04-19T16:36:26","modified_gmt":"2026-04-19T14:36:26","slug":"cookie-richtlinie","status":"publish","type":"page","link":"https:\/\/storageandfly.com\/de\/cookie-richtlinie\/","title":{"rendered":"Cookie-Richtlinie"},"content":{"rendered":"<p>[et_pb_section fb_built=&#8220;1&#8243; admin_label=&#8220;section&#8220; _builder_version=&#8220;4.16&#8243; global_colors_info=&#8220;{}&#8220; theme_builder_area=&#8220;post_content&#8220;][et_pb_row admin_label=&#8220;row&#8220; _builder_version=&#8220;4.16&#8243; background_size=&#8220;initial&#8220; background_position=&#8220;top_left&#8220; background_repeat=&#8220;repeat&#8220; global_colors_info=&#8220;{}&#8220; theme_builder_area=&#8220;post_content&#8220;][et_pb_column type=&#8220;4_4&#8243; _builder_version=&#8220;4.16&#8243; custom_padding=&#8220;|||&#8220; global_colors_info=&#8220;{}&#8220; custom_padding__hover=&#8220;|||&#8220; theme_builder_area=&#8220;post_content&#8220;][et_pb_heading title=&#8220;COOKIE-RICHTLINIE&#8220; _builder_version=&#8220;4.27.5&#8243; _module_preset=&#8220;default&#8220; hover_enabled=&#8220;0&#8243; global_colors_info=&#8220;{}&#8220; theme_builder_area=&#8220;post_content&#8220; sticky_enabled=&#8220;0&#8243;][\/et_pb_heading][et_pb_heading title=&#8220;WAS SIND COOKIES?&#8220; _builder_version=&#8220;4.27.5&#8243; _module_preset=&#8220;default&#8220; title_level=&#8220;h2&#8243; hover_enabled=&#8220;0&#8243; global_colors_info=&#8220;{}&#8220; theme_builder_area=&#8220;post_content&#8220; sticky_enabled=&#8220;0&#8243;][\/et_pb_heading][et_pb_text _builder_version=&#8220;4.27.5&#8243; _module_preset=&#8220;default&#8220; hover_enabled=&#8220;0&#8243; global_colors_info=&#8220;{}&#8220; theme_builder_area=&#8220;post_content&#8220; sticky_enabled=&#8220;0&#8243;]<\/p>\n<p>Der Zugriff auf diese Website kann die Verwendung von Cookies beinhalten. Cookies sind kleine Textdateien, die im Browser des Nutzers gespeichert werden und es erm\u00f6glichen, sein Ger\u00e4t wiederzuerkennen, was die Navigation erleichtert und das Nutzungserlebnis verbessert. <\/p>\n<p>Cookies schaden dem Ger\u00e4t des Nutzers nicht und erm\u00f6glichen keinen Zugriff auf pers\u00f6nliche Informationen ohne dessen Zustimmung.<\/p>\n<p>[\/et_pb_text][et_pb_divider color=&#8220;#B3B3B3&#8243; _builder_version=&#8220;4.27.5&#8243; _module_preset=&#8220;default&#8220; global_colors_info=&#8220;{}&#8220; theme_builder_area=&#8220;post_content&#8220;][\/et_pb_divider][et_pb_heading title=&#8220;ARTEN DER VERWENDETEN COOKIES&#8220; _builder_version=&#8220;4.27.5&#8243; _module_preset=&#8220;default&#8220; title_level=&#8220;h2&#8243; hover_enabled=&#8220;0&#8243; global_colors_info=&#8220;{}&#8220; theme_builder_area=&#8220;post_content&#8220; sticky_enabled=&#8220;0&#8243;][\/et_pb_heading][et_pb_text ul_position=&#8220;inside&#8220; _builder_version=&#8220;4.27.5&#8243; _module_preset=&#8220;default&#8220; hover_enabled=&#8220;0&#8243; global_colors_info=&#8220;{}&#8220; theme_builder_area=&#8220;post_content&#8220; sticky_enabled=&#8220;0&#8243;]<\/p>\n<p>Diese Website verwendet <strong>ausschlie\u00dflich eigene Cookies<\/strong>; es werden keine Cookies von Drittanbietern verwendet.<\/p>\n<p>Die verwendeten Cookies sind:<\/p>\n<p>[\/et_pb_text][et_pb_heading title=&#8220;Technische Cookies (notwendig)&#8220; _builder_version=&#8220;4.27.5&#8243; _module_preset=&#8220;default&#8220; theme_builder_area=&#8220;post_content&#8220; title_level=&#8220;h3&#8243; hover_enabled=&#8220;0&#8243; sticky_enabled=&#8220;0&#8243;][\/et_pb_heading][et_pb_text ul_position=&#8220;inside&#8220; _builder_version=&#8220;4.27.5&#8243; _module_preset=&#8220;default&#8220; hover_enabled=&#8220;0&#8243; global_colors_info=&#8220;{}&#8220; theme_builder_area=&#8220;post_content&#8220; sticky_enabled=&#8220;0&#8243;]<\/p>\n<p>Diese sind f\u00fcr den Betrieb der Website unerl\u00e4sslich und erfordern keine Zustimmung.<\/p>\n<ul>\n<li><strong>cc_cookie_accept \/ cc_cookie_decline<\/strong><br \/>Erm\u00f6glichen das Speichern der Entscheidung des Nutzers \u00fcber die Verwendung von Cookies.<\/li>\n<li><strong>es<\/strong><br \/>Erm\u00f6glicht es, die auf der Website ausgew\u00e4hlte Sprache zu speichern.<\/li>\n<li><strong>PHPSESSID<\/strong><br \/>Technisches Cookie, das die Verwaltung der Nutzersitzung auf dem Server erm\u00f6glicht.<\/li>\n<\/ul>\n<p>Diese Cookies gew\u00e4hrleisten das ordnungsgem\u00e4\u00dfe Funktionieren der Website und k\u00f6nnen nicht deaktiviert werden.<\/p>\n<p>[\/et_pb_text][et_pb_heading title=&#8220;Analyse-Cookies&#8220; _builder_version=&#8220;4.27.5&#8243; _module_preset=&#8220;default&#8220; title_level=&#8220;h3&#8243; hover_enabled=&#8220;0&#8243; global_colors_info=&#8220;{}&#8220; theme_builder_area=&#8220;post_content&#8220; sticky_enabled=&#8220;0&#8243;][\/et_pb_heading][et_pb_text ul_position=&#8220;inside&#8220; _builder_version=&#8220;4.27.5&#8243; _module_preset=&#8220;default&#8220; hover_enabled=&#8220;0&#8243; global_colors_info=&#8220;{}&#8220; theme_builder_area=&#8220;post_content&#8220; sticky_enabled=&#8220;0&#8243;]Derzeit verwendet <strong>diese Website keine Analyse- oder Tracking-Cookies von Drittanbietern<\/strong>.<\/p>\n<p>Sollten diese in Zukunft integriert werden, wird die vorherige Zustimmung des Nutzers gem\u00e4\u00df den geltenden Vorschriften eingeholt.[\/et_pb_text][et_pb_divider color=&#8220;#B3B3B3&#8243; _builder_version=&#8220;4.27.5&#8243; _module_preset=&#8220;default&#8220; global_colors_info=&#8220;{}&#8220; theme_builder_area=&#8220;post_content&#8220;][\/et_pb_divider][et_pb_heading title=&#8220;RECHTSGRUNDLAGE F\u00dcR DIE VERWENDUNG VON COOKIES&#8220; _builder_version=&#8220;4.27.5&#8243; _module_preset=&#8220;default&#8220; title_level=&#8220;h2&#8243; hover_enabled=&#8220;0&#8243; global_colors_info=&#8220;{}&#8220; theme_builder_area=&#8220;post_content&#8220; sticky_enabled=&#8220;0&#8243;][\/et_pb_heading][et_pb_text ul_position=&#8220;inside&#8220; _builder_version=&#8220;4.27.5&#8243; _module_preset=&#8220;default&#8220; hover_enabled=&#8220;0&#8243; global_colors_info=&#8220;{}&#8220; theme_builder_area=&#8220;post_content&#8220; sticky_enabled=&#8220;0&#8243;]Die Rechtsgrundlage f\u00fcr die Verwendung nicht notwendiger Cookies ist die Einwilligung des Nutzers gem\u00e4\u00df Artikel 6 Abs. 1 lit. a der Verordnung (EU) 2016\/679 (DSGVO).<\/p>\n<p>Notwendige technische Cookies werden auf Grundlage des berechtigten Interesses des Verantwortlichen verwendet, da sie f\u00fcr den Betrieb der Website unerl\u00e4sslich sind.[\/et_pb_text][et_pb_divider color=&#8220;#B3B3B3&#8243; _builder_version=&#8220;4.27.5&#8243; _module_preset=&#8220;default&#8220; global_colors_info=&#8220;{}&#8220; theme_builder_area=&#8220;post_content&#8220;][\/et_pb_divider][et_pb_heading title=&#8220;VERWALTUNG VON COOKIES&#8220; _builder_version=&#8220;4.27.5&#8243; _module_preset=&#8220;default&#8220; title_level=&#8220;h2&#8243; hover_enabled=&#8220;0&#8243; global_colors_info=&#8220;{}&#8220; theme_builder_area=&#8220;post_content&#8220; sticky_enabled=&#8220;0&#8243;][\/et_pb_heading][et_pb_text ul_position=&#8220;inside&#8220; _builder_version=&#8220;4.27.5&#8243; _module_preset=&#8220;default&#8220; hover_enabled=&#8220;0&#8243; global_colors_info=&#8220;{}&#8220; theme_builder_area=&#8220;post_content&#8220; sticky_enabled=&#8220;0&#8243;]Der Nutzer kann die Verwendung von Cookies jederzeit \u00fcber das auf der Website bereitgestellte Konfigurations-Banner akzeptieren, ablehnen oder konfigurieren.<\/p>\n<p>Ebenso k\u00f6nnen Cookies \u00fcber die Einstellungen des Browsers gel\u00f6scht oder blockiert werden.[\/et_pb_text][et_pb_divider color=&#8220;#B3B3B3&#8243; _builder_version=&#8220;4.27.5&#8243; _module_preset=&#8220;default&#8220; global_colors_info=&#8220;{}&#8220; theme_builder_area=&#8220;post_content&#8220;][\/et_pb_divider][et_pb_heading title=&#8220;DATENSPEICHERUNG&#8220; _builder_version=&#8220;4.27.5&#8243; _module_preset=&#8220;default&#8220; title_level=&#8220;h2&#8243; hover_enabled=&#8220;0&#8243; global_colors_info=&#8220;{}&#8220; theme_builder_area=&#8220;post_content&#8220; sticky_enabled=&#8220;0&#8243;][\/et_pb_heading][et_pb_text _builder_version=&#8220;4.27.5&#8243; _module_preset=&#8220;default&#8220; hover_enabled=&#8220;0&#8243; global_colors_info=&#8220;{}&#8220; theme_builder_area=&#8220;post_content&#8220; sticky_enabled=&#8220;0&#8243;]Cookies werden so lange gespeichert, wie es f\u00fcr die Erf\u00fcllung ihres Zwecks erforderlich ist, oder bis der Nutzer sie manuell aus seinem Browser l\u00f6scht.[\/et_pb_text][et_pb_divider color=&#8220;#B3B3B3&#8243; _builder_version=&#8220;4.27.5&#8243; _module_preset=&#8220;default&#8220; global_colors_info=&#8220;{}&#8220; theme_builder_area=&#8220;post_content&#8220;][\/et_pb_divider][et_pb_heading title=&#8220;AKTUALISIERUNGEN DER COOKIE-RICHTLINIE&#8220; _builder_version=&#8220;4.27.5&#8243; _module_preset=&#8220;default&#8220; title_level=&#8220;h2&#8243; hover_enabled=&#8220;0&#8243; global_colors_info=&#8220;{}&#8220; theme_builder_area=&#8220;post_content&#8220; sticky_enabled=&#8220;0&#8243;][\/et_pb_heading][et_pb_text ul_position=&#8220;inside&#8220; _builder_version=&#8220;4.27.5&#8243; _module_preset=&#8220;default&#8220; hover_enabled=&#8220;0&#8243; global_colors_info=&#8220;{}&#8220; theme_builder_area=&#8220;post_content&#8220; sticky_enabled=&#8220;0&#8243;]Storage &amp; Fly S.L. beh\u00e4lt sich das Recht vor, diese Cookie-Richtlinie jederzeit zu \u00e4ndern, insbesondere um sie an regulatorische oder technische \u00c4nderungen anzupassen.<\/p>\n<p>Dem Nutzer wird empfohlen, diese Richtlinie regelm\u00e4\u00dfig zu \u00fcberpr\u00fcfen.[\/et_pb_text][\/et_pb_column][\/et_pb_row][\/et_pb_section]<\/p>\n","protected":false},"excerpt":{"rendered":"<p>Der Zugriff auf diese Website kann die Verwendung von Cookies beinhalten. Cookies sind kleine Textdateien, die im Browser des Nutzers gespeichert werden und es erm\u00f6glichen, sein Ger\u00e4t wiederzuerkennen, was die Navigation erleichtert und das Nutzungserlebnis verbessert. Cookies schaden dem Ger\u00e4t des Nutzers nicht und erm\u00f6glichen keinen Zugriff auf pers\u00f6nliche Informationen ohne dessen Zustimmung.Diese Website verwendet [&hellip;]<\/p>\n","protected":false},"author":1,"featured_media":0,"parent":0,"menu_order":0,"comment_status":"closed","ping_status":"closed","template":"","meta":{"_et_pb_use_builder":"on","_et_pb_old_content":"","_et_gb_content_width":"","footnotes":""},"class_list":["post-8102","page","type-page","status-publish","hentry"],"_links":{"self":[{"href":"https:\/\/storageandfly.com\/de\/wp-json\/wp\/v2\/pages\/8102","targetHints":{"allow":["GET"]}}],"collection":[{"href":"https:\/\/storageandfly.com\/de\/wp-json\/wp\/v2\/pages"}],"about":[{"href":"https:\/\/storageandfly.com\/de\/wp-json\/wp\/v2\/types\/page"}],"author":[{"embeddable":true,"href":"https:\/\/storageandfly.com\/de\/wp-json\/wp\/v2\/users\/1"}],"replies":[{"embeddable":true,"href":"https:\/\/storageandfly.com\/de\/wp-json\/wp\/v2\/comments?post=8102"}],"version-history":[{"count":2,"href":"https:\/\/storageandfly.com\/de\/wp-json\/wp\/v2\/pages\/8102\/revisions"}],"predecessor-version":[{"id":8104,"href":"https:\/\/storageandfly.com\/de\/wp-json\/wp\/v2\/pages\/8102\/revisions\/8104"}],"wp:attachment":[{"href":"https:\/\/storageandfly.com\/de\/wp-json\/wp\/v2\/media?parent=8102"}],"curies":[{"name":"wp","href":"https:\/\/api.w.org\/{rel}","templated":true}]}}