{"id":81,"date":"2026-04-09T08:37:25","date_gmt":"2026-04-09T06:37:25","guid":{"rendered":"https:\/\/storageandfly.com\/shop\/"},"modified":"2026-04-19T20:54:39","modified_gmt":"2026-04-19T18:54:39","slug":"preise","status":"publish","type":"page","link":"https:\/\/storageandfly.com\/de\/preise\/","title":{"rendered":"Preise"},"content":{"rendered":"<p>[et_pb_section fb_built=&#8220;1&#8243; _builder_version=&#8220;4.27.5&#8243; _module_preset=&#8220;default&#8220; global_colors_info=&#8220;{}&#8220;][et_pb_row _builder_version=&#8220;4.27.5&#8243; _module_preset=&#8220;default&#8220; global_colors_info=&#8220;{}&#8220;][et_pb_column type=&#8220;4_4&#8243; _builder_version=&#8220;4.27.5&#8243; _module_preset=&#8220;default&#8220; global_colors_info=&#8220;{}&#8220;][et_pb_heading title=&#8220;PREISE&#8220; _builder_version=&#8220;4.27.5&#8243; _module_preset=&#8220;default&#8220; title_font=&#8220;\u2013et_global_heading_font|\u2013et_global_heading_font_weight|||||||&#8220; title_text_color=&#8220;gcid-primary-color&#8220; global_colors_info=&#8220;{%22gcid-primary-color%22:%91%22title_text_color%22%93}&#8220;][\/et_pb_heading][et_pb_text _builder_version=&#8220;4.27.5&#8243; _module_preset=&#8220;default&#8220; text_font=&#8220;\u2013et_global_body_font|\u2013et_global_body_font_weight|||||||&#8220; text_font_size=&#8220;16px&#8220; global_colors_info=&#8220;{}&#8220;]<\/p>\n<p><span>Der Fahrzeug-Abhol- und Zustellservice ist nur <\/span><strong>f\u00fcr Kunden von Storage &amp; Fly mit einem aktiven Abonnement zug\u00e4nglich<\/strong>.<\/p>\n<p><span>W\u00e4hlen Sie eine Abonnementoption:<\/span><\/p>\n<p>[\/et_pb_text][\/et_pb_column][\/et_pb_row][et_pb_row _builder_version=&#8220;4.27.5&#8243; _module_preset=&#8220;default&#8220; global_colors_info=&#8220;{}&#8220;][et_pb_column type=&#8220;4_4&#8243; _builder_version=&#8220;4.27.5&#8243; _module_preset=&#8220;default&#8220; global_colors_info=&#8220;{}&#8220;][et_pb_wc_title product=&#8220;20&#8243; _builder_version=&#8220;4.27.5&#8243; _module_preset=&#8220;default&#8220; global_colors_info=&#8220;{}&#8220;][\/et_pb_wc_title][et_pb_wc_price product=&#8220;20&#8243; _builder_version=&#8220;4.27.5&#8243; _module_preset=&#8220;default&#8220; global_colors_info=&#8220;{}&#8220;][\/et_pb_wc_price][et_pb_wc_description product=&#8220;20&#8243; _builder_version=&#8220;4.27.5&#8243; _module_preset=&#8220;default&#8220; global_colors_info=&#8220;{}&#8220;][\/et_pb_wc_description][et_pb_wc_add_to_cart product=&#8220;20&#8243; show_quantity=&#8220;off&#8220; show_stock=&#8220;off&#8220; _builder_version=&#8220;4.27.5&#8243; _module_preset=&#8220;default&#8220; hover_enabled=&#8220;0&#8243; global_colors_info=&#8220;{}&#8220; display_conditions=&#8220;W3siaWQiOiI0NzBjOThiOC04NTdjLTQzMjUtYjI2NS01NGM0ZWUzODk3YTIiLCJjb25kaXRpb24iOiJjYXJ0Q29udGVudHMiLCJjb25kaXRpb25TZXR0aW5ncyI6eyJkaXNwbGF5UnVsZSI6ImlzRW1wdHkiLCJwcm9kdWN0cyI6W10sImFkbWluTGFiZWwiOiJDb250ZW5pZG8gZGVsIGNhcnJpdG8iLCJlbmFibGVDb25kaXRpb24iOiJvbiJ9LCJvcGVyYXRvciI6Ik9SIn1d&#8220; sticky_enabled=&#8220;0&#8243;][\/et_pb_wc_add_to_cart][et_pb_button button_text=&#8220;Zum Warenkorb&#8220; _builder_version=&#8220;4.27.5&#8243; _module_preset=&#8220;default&#8220; button_url=&#8220;@ET-DC@eyJkeW5hbWljIjp0cnVlLCJjb250ZW50IjoicG9zdF9saW5rX3VybF9wYWdlIiwic2V0dGluZ3MiOnsicG9zdF9pZCI6IjgifX0=@&#8220; _dynamic_attributes=&#8220;button_url&#8220; custom_button=&#8220;on&#8220; global_colors_info=&#8220;{%22gcid-primary-color%22:%91%22button_text_color%22%93}&#8220; button_text_color=&#8220;gcid-primary-color&#8220; hover_enabled=&#8220;0&#8243; sticky_enabled=&#8220;0&#8243; display_conditions=&#8220;W3siaWQiOiJmNGIyNzMyZi1mMTU3LTRmOTctYWQzYS1lNGIwZmMxMjI5NDkiLCJjb25kaXRpb24iOiJjYXJ0Q29udGVudHMiLCJjb25kaXRpb25TZXR0aW5ncyI6eyJkaXNwbGF5UnVsZSI6Imhhc1Byb2R1Y3RzIiwicHJvZHVjdHMiOltdLCJhZG1pbkxhYmVsIjoiQ29udGVuaWRvIGRlbCBjYXJyaXRvIiwiZW5hYmxlQ29uZGl0aW9uIjoib24ifSwib3BlcmF0b3IiOiJPUiJ9XQ==&#8220;][\/et_pb_button][\/et_pb_column][\/et_pb_row][\/et_pb_section]<\/p>\n","protected":false},"excerpt":{"rendered":"<p>Der Fahrzeug-Abhol- und Zustellservice ist nur f\u00fcr Kunden von Storage &amp; Fly mit einem aktiven Abonnement zug\u00e4nglich. W\u00e4hlen Sie eine Abonnementoption:<\/p>\n","protected":false},"author":1,"featured_media":0,"parent":0,"menu_order":0,"comment_status":"closed","ping_status":"closed","template":"","meta":{"_et_pb_use_builder":"on","_et_pb_old_content":"","_et_gb_content_width":"","footnotes":""},"class_list":["post-81","page","type-page","status-publish","hentry"],"_links":{"self":[{"href":"https:\/\/storageandfly.com\/de\/wp-json\/wp\/v2\/pages\/81","targetHints":{"allow":["GET"]}}],"collection":[{"href":"https:\/\/storageandfly.com\/de\/wp-json\/wp\/v2\/pages"}],"about":[{"href":"https:\/\/storageandfly.com\/de\/wp-json\/wp\/v2\/types\/page"}],"author":[{"embeddable":true,"href":"https:\/\/storageandfly.com\/de\/wp-json\/wp\/v2\/users\/1"}],"replies":[{"embeddable":true,"href":"https:\/\/storageandfly.com\/de\/wp-json\/wp\/v2\/comments?post=81"}],"version-history":[{"count":16,"href":"https:\/\/storageandfly.com\/de\/wp-json\/wp\/v2\/pages\/81\/revisions"}],"predecessor-version":[{"id":8301,"href":"https:\/\/storageandfly.com\/de\/wp-json\/wp\/v2\/pages\/81\/revisions\/8301"}],"wp:attachment":[{"href":"https:\/\/storageandfly.com\/de\/wp-json\/wp\/v2\/media?parent=81"}],"curies":[{"name":"wp","href":"https:\/\/api.w.org\/{rel}","templated":true}]}}